{"id":2893,"date":"2018-01-26T14:01:14","date_gmt":"2025-03-05T15:07:55","guid":{"rendered":"https:\/\/ifff-server3.boku.ac.at\/wordpress\/?page_id=2893"},"modified":"2025-04-23T12:22:38","modified_gmt":"2025-04-23T12:22:38","slug":"phenips-online","status":"publish","type":"page","link":"https:\/\/ifff-server.boku.ac.at\/wordpress\/?page_id=2893&lang=en","title":{"rendered":"PHENIPS Online (en)"},"content":{"rendered":"\t\t<div data-elementor-type=\"wp-page\" data-elementor-id=\"2893\" class=\"elementor elementor-2893\">\n\t\t\t\t<div class=\"elementor-element elementor-element-7102bfa1 e-flex e-con-boxed e-con e-parent\" data-id=\"7102bfa1\" data-element_type=\"container\" data-e-type=\"container\">\n\t\t\t\t\t<div class=\"e-con-inner\">\n\t\t<div class=\"elementor-element elementor-element-4374f917 e-con-full e-flex e-con e-child\" data-id=\"4374f917\" data-element_type=\"container\" data-e-type=\"container\">\n\t\t\t\t<div class=\"elementor-element elementor-element-63b63f28 elementor-widget__width-initial elementor-widget elementor-widget-text-editor\" data-id=\"63b63f28\" data-element_type=\"widget\" data-e-type=\"widget\" data-widget_type=\"text-editor.default\">\n\t\t\t\t<div class=\"elementor-widget-container\">\n\t\t\t\t\t\t\t\t\t<h3><b><span lang=\"EN-GB\">Monitoring of bark beetle development by PHENIPS<\/span><\/b><\/h3><h4><span lang=\"EN-GB\">PHENIPS as important element of bark beetle risk assessment<\/span><\/h4><p class=\"bodytext\"><span lang=\"EN-GB\">Monitoring of <i>I. typographus<\/i> flight times, tree attack and brood\/generation development is a key element of bark beetle risk assessment (Fig. 1).<\/span><\/p><h4><span lang=\"EN-GB\">The phenology model <\/span><span lang=\"EN-GB\">(Baier et al., 2007)<\/span><\/h4><p class=\"bodytext\"><span lang=\"EN-GB\">PHENIPS is a phenology model based on air temperature and solar radiation recorded at the study site (Fig. 2) to simulate spatial and temporal variations in the seasonal development of <i>I. typographus<\/i> considering the microclimatic conditions in the phloem of Norway spruce. To model swarming activities, host tree infestation, rates of brood development, the incidence of sister broods and filial generations, and development status for successful hibernation at the end of the season, PHENIPS uses thresholds of photoperiod and air temperature as well as effective thermal sums of phloem temperature.<\/span><\/p><p class=\"bodytext\"><i><span lang=\"EN-GB\">The onset of host tree infestation<\/span><\/i><span lang=\"EN-GB\"> in spring is estimated using a lower threshold of 16.5 8C for flight activity and a mean thermal sum of 140 degree-days (dd) from beginning of April 1<sup>st<\/sup> onward.<\/span><\/p><p class=\"bodytext\"><span lang=\"EN-GB\">A nonlinear function describes the <i>rate of brood development<\/i>, whereby effective thermal sums are calculated from accumulated degree-days of hourly temperature data using upper and lower temperature thresholds of 38.9\u00b0C and 8.3\u00b0C respectively.<\/span><\/p><p class=\"bodytext\"><span lang=\"EN-GB\">At the time when 50% of the thermal sum for total development (557 dd) is reached, the model simulates <i>re-emergence of parental beetles<\/i> for the establishment of sister broods. <i>Filial beetles<\/i> leave the trees after maturation in order to search for new hosts.<\/span><\/p><p class=\"bodytext\"><i><span lang=\"EN-GB\">Initiation of diapause<\/span><\/i><span lang=\"EN-GB\">: The model includes the discontinuance of the beetle\u2019s reproductive activity at a day length &lt;14.5 h. The rate of successful hibernation of established broods is predicted by assessing the developmental stage of initiated generations at the beginning of the cold period.<\/span><\/p><h4><span lang=\"EN-GB\">Model evaluation<\/span><\/h4><p class=\"bodytext\"><span lang=\"EN-GB\">PHENIPS was developed at Kalkalpen National Park (Upper Austria), where the beetles\u2019 phenology was additionally monitored along with air and bark temperature measurements. For model validation, the timing of phenological events in the field was compared with predicted events using both, hourly recorded data at trap trees in the terrain and generated daily topo-climatic data. Using topo-climatic data, the onset of infestation was predicted with a mean absolute error of 1.3 days. The observed onset of emergence of filial beetles in the field was estimated with a mean error of 39 dd (Baier et al., 2007). <\/span><\/p><p class=\"bodytext\"><span lang=\"EN-GB\">PHENIPS was additionally validated by a Czech research group (Berec et al., 2013) and has been included in various risk assessment frameworks (Seidl et al., 2007; Hlasny et al., 2011; Temperli et al., 2013; Pasztor et al., 2013; Mezei et al., 2017).<\/span><\/p><h4><span lang=\"EN-GB\">Online monitoring of bark beetle development<\/span><\/h4><p class=\"bodytext\"><span lang=\"EN-GB\">PHENIPS explicitly considers the strong effects of regional topography as well as stand conditions on local air and bark temperature and is suited for precise monitoring of the actual state of bark beetle development at the specific stand\/tree level. Using topo-climatic data, PHENIPS simulates the maximum number of generations, which is necessary to assess the potential impact of bark beetle outbreaks at regional scale. As demonstrated by fig. 3, PHENIPS allows for a real-time simulation of <i>I. typographus<\/i>development for a specific site, graphically illustrated by the onset of swarming at a specific day of year and minima\/maxima of generation\/sister brood development.<\/span><\/p><h4><span lang=\"EN-GB\">References<\/span><\/h4><p class=\"bodytext\"><span lang=\"EN-GB\"><strong>Baier P., Pennerstorfer J. and Schopf A., 2007.<\/strong> PHENIPS\u2014A comprehensive phenology model of <i>Ips typographus<\/i> (L.) (Col., Scolytinae) as a tool for hazard rating of bark beetle infestation. Forest Ecology and Management, 249(3): 171-186.<\/span><\/p><p class=\"bodytext\"><span lang=\"EN-GB\"><strong>Berec L., Dole\u017eal P. and Hais M., 2013.<\/strong> Population dynamics of <i>Ips typographus<\/i> in the Bohemian Forest (Czech Republic): Validation of the phenology model PHENIPS and impacts of climate change. Forest Ecology and Management, 292: 1-9.<\/span><\/p><p class=\"bodytext\"><span lang=\"EN-GB\"><strong>Hl\u00e1sny T., Zaj\u00ed\u010dkov\u00e1 L., Tur\u010d\u00e1ni M., Holu\u0161a J. and Sitkov\u00e1 Z., 2011.<\/strong> Geographical variability of spruce bark beetle development under climate change in the Czech Republic. Journal of Forest Science, 57: 242-249.<\/span><\/p><p class=\"bodytext\"><strong><span lang=\"EN-GB\">Mezei P., Jaku<\/span><span lang=\"EN-GB\">\u0161 R.<\/span><span lang=\"EN-GB\">, Pennerstorfer J., Hava<\/span><span lang=\"EN-GB\">\u0161<\/span><span lang=\"EN-GB\">ov<\/span><span lang=\"EN-GB\">\u00e1 M.<\/span><span lang=\"EN-GB\">, <\/span><span lang=\"EN-GB\">\u0160<\/span><\/strong><span lang=\"EN-GB\"><strong>kvarenina J., Feren\u010d\u00edk J., Slivinsk\u00fd J., Bi\u010d\u00e1rov\u00e1 S., Bil\u010d\u00edk D., Bla\u017eenec M., Netherer S., 2017. <\/strong>Storms, temperature maxima and the Eurasian spruce bark beetle <i>Ips typographus<\/i>\u2014An infernal trio in Norway spruce forests of the Central European High Tatra Mountains. Agricultural and Forest Meteorology 242: 85\u201395.<\/span><\/p><p class=\"bodytext\"><span lang=\"EN-GB\"><strong>Pasztor F., Matulla C., Rammer W., Lexer MJ., 2014.<\/strong> Drivers of the bark beetle disturbance regime in Alpine forests in Austria. Forest Ecology and Management 318: 349\u2013358.<\/span><\/p><p class=\"bodytext\"><span lang=\"EN-GB\"><strong>Seidl R., Baier P., Rammer W., Schopf A. and Lexer MJ., 2007.<\/strong> Modelling tree mortality by bark beetle infestation in Norway spruce forests. Ecological Modelling, 206(3\u20134): 383-399.<\/span><\/p><p class=\"bodytext\"><span lang=\"EN-GB\"><strong>Temperli C., Bugmann H. and Elkin C., 2013.<\/strong> Cross-scale interactions among bark beetles, climate change, and wind disturbances: a landscape modeling approach. Ecological Monographs, 83(3): 383-402.<\/span><\/p>\t\t\t\t\t\t\t\t<\/div>\n\t\t\t\t<\/div>\n\t\t\t\t<\/div>\n\t\t<div class=\"elementor-element elementor-element-371d5d88 e-con-full e-flex e-con e-child\" data-id=\"371d5d88\" data-element_type=\"container\" data-e-type=\"container\">\n\t\t\t\t<div class=\"elementor-element elementor-element-5f90d5ad elementor-widget__width-initial elementor-widget elementor-widget-image\" data-id=\"5f90d5ad\" data-element_type=\"widget\" data-e-type=\"widget\" data-widget_type=\"image.default\">\n\t\t\t\t<div class=\"elementor-widget-container\">\n\t\t\t\t\t\t\t\t\t\t\t\t\t\t\t<img fetchpriority=\"high\" decoding=\"async\" width=\"1024\" height=\"752\" src=\"https:\/\/ifff-server.boku.ac.at\/wordpress\/wp-content\/uploads\/2018\/01\/201801bark-beetle-risk-assessment.png\" class=\"attachment-large size-large wp-image-23\" alt=\"\" \/>\t\t\t\t\t\t\t\t\t\t\t\t\t\t\t<\/div>\n\t\t\t\t<\/div>\n\t\t\t\t<div class=\"elementor-element elementor-element-22151551 elementor-widget__width-initial elementor-widget elementor-widget-text-editor\" data-id=\"22151551\" data-element_type=\"widget\" data-e-type=\"widget\" data-widget_type=\"text-editor.default\">\n\t\t\t\t<div class=\"elementor-widget-container\">\n\t\t\t\t\t\t\t\t\t<p>Fig. 1: Key elements of bark beetle risk assessment<\/p>\t\t\t\t\t\t\t\t<\/div>\n\t\t\t\t<\/div>\n\t\t\t\t<div class=\"elementor-element elementor-element-65a29af9 elementor-widget__width-initial elementor-widget elementor-widget-image\" data-id=\"65a29af9\" data-element_type=\"widget\" data-e-type=\"widget\" data-widget_type=\"image.default\">\n\t\t\t\t<div class=\"elementor-widget-container\">\n\t\t\t\t\t\t\t\t\t\t\t\t\t\t\t<img decoding=\"async\" width=\"1024\" height=\"770\" src=\"https:\/\/ifff-server.boku.ac.at\/wordpress\/wp-content\/uploads\/2018\/01\/201801climate-station_phenips.png\" class=\"attachment-large size-large wp-image-137\" alt=\"\" \/>\t\t\t\t\t\t\t\t\t\t\t\t\t\t\t<\/div>\n\t\t\t\t<\/div>\n\t\t\t\t<div class=\"elementor-element elementor-element-71095eb8 elementor-widget__width-initial elementor-widget elementor-widget-text-editor\" data-id=\"71095eb8\" data-element_type=\"widget\" data-e-type=\"widget\" data-widget_type=\"text-editor.default\">\n\t\t\t\t<div class=\"elementor-widget-container\">\n\t\t\t\t\t\t\t\t\t<p>Fig. 2: Remote accessible climate station for PHENIPS Online Monitoring of bark beetle development<\/p>\t\t\t\t\t\t\t\t<\/div>\n\t\t\t\t<\/div>\n\t\t\t\t<div class=\"elementor-element elementor-element-485cb8bb elementor-widget__width-initial elementor-widget elementor-widget-image\" data-id=\"485cb8bb\" data-element_type=\"widget\" data-e-type=\"widget\" data-widget_type=\"image.default\">\n\t\t\t\t<div class=\"elementor-widget-container\">\n\t\t\t\t\t\t\t\t\t\t\t\t\t\t\t<img decoding=\"async\" width=\"1024\" height=\"738\" src=\"https:\/\/ifff-server.boku.ac.at\/wordpress\/wp-content\/uploads\/2018\/01\/201801phenips_graph.png\" class=\"attachment-large size-large wp-image-32\" alt=\"\" \/>\t\t\t\t\t\t\t\t\t\t\t\t\t\t\t<\/div>\n\t\t\t\t<\/div>\n\t\t\t\t<div class=\"elementor-element elementor-element-66378d7e elementor-widget__width-initial elementor-widget elementor-widget-text-editor\" data-id=\"66378d7e\" data-element_type=\"widget\" data-e-type=\"widget\" data-widget_type=\"text-editor.default\">\n\t\t\t\t<div class=\"elementor-widget-container\">\n\t\t\t\t\t\t\t\t\t<p>Fig. 3: Graphical illustration of bark beetle development as simulated by PHENIPS at a specific forest site<\/p>\t\t\t\t\t\t\t\t<\/div>\n\t\t\t\t<\/div>\n\t\t\t\t<\/div>\n\t\t\t\t\t<\/div>\n\t\t\t\t<\/div>\n\t\t\t\t<\/div>\n\t\t","protected":false},"excerpt":{"rendered":"<p>Monitoring of bark beetle development by PHENIPS PHENIPS as important element of bark beetle risk assessment Monitoring of I. typographus [&hellip;]<\/p>\n","protected":false},"author":1,"featured_media":0,"parent":4639,"menu_order":0,"comment_status":"closed","ping_status":"closed","template":"","meta":{"inline_featured_image":false,"site-sidebar-layout":"no-sidebar","site-content-layout":"","ast-site-content-layout":"full-width-container","site-content-style":"default","site-sidebar-style":"default","ast-global-header-display":"","ast-banner-title-visibility":"","ast-main-header-display":"","ast-hfb-above-header-display":"","ast-hfb-below-header-display":"","ast-hfb-mobile-header-display":"","site-post-title":"disabled","ast-breadcrumbs-content":"","ast-featured-img":"disabled","footer-sml-layout":"","theme-transparent-header-meta":"","adv-header-id-meta":"","stick-header-meta":"","header-above-stick-meta":"","header-main-stick-meta":"","header-below-stick-meta":"","astra-migrate-meta-layouts":"default","ast-page-background-enabled":"default","ast-page-background-meta":{"desktop":{"background-color":"var(--ast-global-color-5)","background-image":"","background-repeat":"repeat","background-position":"center center","background-size":"auto","background-attachment":"scroll","background-type":"","background-media":"","overlay-type":"","overlay-color":"","overlay-opacity":"","overlay-gradient":""},"tablet":{"background-color":"","background-image":"","background-repeat":"repeat","background-position":"center center","background-size":"auto","background-attachment":"scroll","background-type":"","background-media":"","overlay-type":"","overlay-color":"","overlay-opacity":"","overlay-gradient":""},"mobile":{"background-color":"","background-image":"","background-repeat":"repeat","background-position":"center center","background-size":"auto","background-attachment":"scroll","background-type":"","background-media":"","overlay-type":"","overlay-color":"","overlay-opacity":"","overlay-gradient":""}},"ast-content-background-meta":{"desktop":{"background-color":"var(--ast-global-color-4)","background-image":"","background-repeat":"repeat","background-position":"center center","background-size":"auto","background-attachment":"scroll","background-type":"","background-media":"","overlay-type":"","overlay-color":"","overlay-opacity":"","overlay-gradient":""},"tablet":{"background-color":"var(--ast-global-color-4)","background-image":"","background-repeat":"repeat","background-position":"center center","background-size":"auto","background-attachment":"scroll","background-type":"","background-media":"","overlay-type":"","overlay-color":"","overlay-opacity":"","overlay-gradient":""},"mobile":{"background-color":"var(--ast-global-color-4)","background-image":"","background-repeat":"repeat","background-position":"center center","background-size":"auto","background-attachment":"scroll","background-type":"","background-media":"","overlay-type":"","overlay-color":"","overlay-opacity":"","overlay-gradient":""}},"footnotes":""},"categories":[27,36,29],"tags":[],"class_list":["post-2893","page","type-page","status-publish","hentry","category-phenips-online-oesterreich-en","category-phenips-online-deutschland-en","category-phenips-online-italien-en"],"_links":{"self":[{"href":"https:\/\/ifff-server.boku.ac.at\/wordpress\/index.php?rest_route=\/wp\/v2\/pages\/2893","targetHints":{"allow":["GET"]}}],"collection":[{"href":"https:\/\/ifff-server.boku.ac.at\/wordpress\/index.php?rest_route=\/wp\/v2\/pages"}],"about":[{"href":"https:\/\/ifff-server.boku.ac.at\/wordpress\/index.php?rest_route=\/wp\/v2\/types\/page"}],"author":[{"embeddable":true,"href":"https:\/\/ifff-server.boku.ac.at\/wordpress\/index.php?rest_route=\/wp\/v2\/users\/1"}],"replies":[{"embeddable":true,"href":"https:\/\/ifff-server.boku.ac.at\/wordpress\/index.php?rest_route=%2Fwp%2Fv2%2Fcomments&post=2893"}],"version-history":[{"count":2,"href":"https:\/\/ifff-server.boku.ac.at\/wordpress\/index.php?rest_route=\/wp\/v2\/pages\/2893\/revisions"}],"predecessor-version":[{"id":3231,"href":"https:\/\/ifff-server.boku.ac.at\/wordpress\/index.php?rest_route=\/wp\/v2\/pages\/2893\/revisions\/3231"}],"up":[{"embeddable":true,"href":"https:\/\/ifff-server.boku.ac.at\/wordpress\/index.php?rest_route=\/wp\/v2\/pages\/4639"}],"wp:attachment":[{"href":"https:\/\/ifff-server.boku.ac.at\/wordpress\/index.php?rest_route=%2Fwp%2Fv2%2Fmedia&parent=2893"}],"wp:term":[{"taxonomy":"category","embeddable":true,"href":"https:\/\/ifff-server.boku.ac.at\/wordpress\/index.php?rest_route=%2Fwp%2Fv2%2Fcategories&post=2893"},{"taxonomy":"post_tag","embeddable":true,"href":"https:\/\/ifff-server.boku.ac.at\/wordpress\/index.php?rest_route=%2Fwp%2Fv2%2Ftags&post=2893"}],"curies":[{"name":"wp","href":"https:\/\/api.w.org\/{rel}","templated":true}]}}