{"id":1631,"date":"2020-07-28T15:50:00","date_gmt":"2020-07-28T13:50:16","guid":{"rendered":"http:\/\/ifff-server.boku.ac.at\/wordpress\/index.php\/phenthauproc-online-monitoring\/generationsentwicklung-2\/"},"modified":"2025-04-17T14:34:29","modified_gmt":"2025-04-17T14:34:29","slug":"kurzanleitung","status":"publish","type":"page","link":"https:\/\/ifff-server.boku.ac.at\/wordpress\/?page_id=1631","title":{"rendered":"PHENIPS plus Kurzanleitung"},"content":{"rendered":"\t\t<div data-elementor-type=\"wp-page\" data-elementor-id=\"1631\" class=\"elementor elementor-1631\">\n\t\t\t\t<div class=\"elementor-element elementor-element-26fdd4cd e-flex e-con-boxed e-con e-parent\" data-id=\"26fdd4cd\" data-element_type=\"container\" data-e-type=\"container\">\n\t\t\t\t\t<div class=\"e-con-inner\">\n\t\t<div class=\"elementor-element elementor-element-111f28c e-con-full e-flex e-con e-child\" data-id=\"111f28c\" data-element_type=\"container\" data-e-type=\"container\">\n\t\t\t\t<div class=\"elementor-element elementor-element-247098b5 elementor-widget elementor-widget-text-editor\" data-id=\"247098b5\" data-element_type=\"widget\" data-e-type=\"widget\" data-widget_type=\"text-editor.default\">\n\t\t\t\t<div class=\"elementor-widget-container\">\n\t\t\t\t\t\t\t\t\t<div id=\"pl-1631\" class=\"panel-layout\"><div id=\"pg-1631-0\" class=\"panel-grid panel-no-style\" data-style=\"{&quot;background_display&quot;:&quot;tile&quot;,&quot;cell_alignment&quot;:&quot;flex-start&quot;}\" data-ratio=\"1\" data-ratio-direction=\"right\"><div id=\"pgc-1631-0-1\" class=\"panel-grid-cell\" data-weight=\"0.75\"><div id=\"panel-1631-0-1-0\" class=\"so-panel widget widget_sow-editor panel-first-child panel-last-child\" data-index=\"1\" data-style=\"{&quot;background_image_attachment&quot;:false,&quot;background_display&quot;:&quot;tile&quot;}\"><div class=\"so-widget-sow-editor so-widget-sow-editor-base\"><div class=\"siteorigin-widget-tinymce textwidget\"><h3>PHENIPS plus &#8211; Kurzanleitung zur Nutzung der \u00f6sterreichweiten Modellierung der Buchdruckerentwicklung mit PHENIPS<\/h3><p>Die fl\u00e4chige Darstellung der Ph\u00e4nologie und Entwicklung des Buchdruckers, auf Basis der INCA-Daten von GeoSphere Austria, ist f\u00fcr die jeweilige Saison im Internet anhand von Map-Services abrufbar. Bei diesen Services ist sowohl der aktuelle Entwicklungsverlauf als auch eine Prognose f\u00fcr 28 Tage verf\u00fcgbar. Die Berechnungen der Prognose basieren auf den Tagesmittelwerten der letzten zehn Jahre.<\/p><h4>Map-Services<\/h4><p>Beim Aufrufen des aktellen Map-Services wird standardm\u00e4\u00dfig die laufende Entwicklung bis zum Vortag dargestellt. Mit dem Link &#8222;wechseln zur Prognose&#8220; in der Titelleiste kann zum Map-Service mit der Prognose f\u00fcr 28 Tage gewechselt werden. In der linken Spalte des Fensters findet sich eine Liste der verf\u00fcgbaren Datenlayer mit den jeweiligen Legenden.<br \/>Diese Layerliste kann durch einen Mausklick auf das Symbol\u00a0<img decoding=\"async\" src=\"https:\/\/ifff-server.boku.ac.at\/wordpress\/wp-content\/uploads\/2021\/03\/symb1-e1615977221530.png\" alt=\"\" width=\"12\" height=\"24\" \/> aus- bzw. eingeblendet werden.<\/p><p>Um zu den tagesaktuellen Kartendarstellungen zu gelangen, ist es notwendig, auf das Zeitsymbol in der Titelleiste des Kartenservices zu klicken. Dadurch \u00f6ffnet sich ein Fenster mit einem Zeitschieberegler. Die beiden Zeitschieber m\u00fcssen (f\u00fcr ein rasches Laden der ausgew\u00e4hlten Karte) mit der Maus \u00fcbereinander geschoben werden, und mittels Pfeiltasten oder mit der Maus kann dann das gew\u00fcnschte Datum eingestellt oder eine Animation gestartet werden (siehe auch unten).<\/p><p><img fetchpriority=\"high\" decoding=\"async\" class=\"alignnone wp-image-2120 size-full\" src=\"https:\/\/ifff-server.boku.ac.at\/wordpress\/wp-content\/uploads\/2022\/09\/10-e1663142762361.png\" alt=\"\" width=\"940\" height=\"439\" \/><\/p><p>Folgende Datenschichten k\u00f6nnen durch Anklicken des Auswahlk\u00e4stchens dargestellt werden:<br \/>\u2022 Klimastationen der ZAMG und andere online Wetterstationen (Position und Bezeichnung der Station)<\/p><p><img decoding=\"async\" class=\"alignnone wp-image-1637 size-full\" src=\"https:\/\/ifff-server.boku.ac.at\/wordpress\/wp-content\/uploads\/2020\/08\/Graf1-e1615979790586.png\" alt=\"\" width=\"943\" height=\"460\" \/><\/p><p>Durch Anklicken des Stationssymbols in der Karte \u00f6ffnet sich ein Fenster mit n\u00e4heren Angaben zur Station. Durch Anklicken der URL: Weitere Informationen gelangt man zur detaillierten Darstellung des aktuellen Entwicklungsstands (Temperatursummenkurve und der tabellarischen Auflistung der Entwicklungszeitpunkte) f\u00fcr die jeweils ausgew\u00e4hlte Station.<\/p><p><img loading=\"lazy\" decoding=\"async\" class=\"\" src=\"https:\/\/ifff-server.boku.ac.at\/wordpress\/wp-content\/uploads\/2020\/08\/Graf2-e1615979864821.png\" alt=\"\" width=\"336\" height=\"255\" \/> \u00a0 \u00a0 \u00a0 <img loading=\"lazy\" decoding=\"async\" class=\"\" src=\"https:\/\/ifff-server.boku.ac.at\/wordpress\/wp-content\/uploads\/2020\/08\/Graf3-e1615979922574.png\" alt=\"\" width=\"191\" height=\"255\" \/><\/p><p>\u2022 Schw\u00e4rmbeginn (fr\u00fchester Beginn der Schw\u00e4rmaktivit\u00e4t ab April, klassifiziert)<\/p><p><img loading=\"lazy\" decoding=\"async\" class=\"alignnone wp-image-1639 size-large\" src=\"https:\/\/ifff-server.boku.ac.at\/wordpress\/wp-content\/uploads\/2020\/08\/Graf4-1024x499.png\" alt=\"\" width=\"584\" height=\"285\" \/><\/p><p>\u2022 Entwicklungsbeginn (Beginn der ersten Hauptschw\u00e4rmphase im Fr\u00fchjahr bzw. Beginn der ersten Generation, klassifiziert).<\/p><p><img loading=\"lazy\" decoding=\"async\" class=\"alignnone wp-image-1651 size-full\" src=\"https:\/\/ifff-server.boku.ac.at\/wordpress\/wp-content\/uploads\/2020\/08\/Graf5-e1615980731227.png\" alt=\"\" width=\"847\" height=\"413\" \/><\/p><p>\u2022 Entwicklungsstand der jeweiligen Generation des Buchdruckers und der Geschwisterbruten (GB) (maximal m\u00f6glicher Entwicklungsstand getrennt nach Entwicklungsstadien).<\/p><p><img loading=\"lazy\" decoding=\"async\" class=\"alignnone wp-image-1652 size-full\" src=\"https:\/\/ifff-server.boku.ac.at\/wordpress\/wp-content\/uploads\/2020\/08\/Graf6-e1615980805160.png\" alt=\"\" width=\"843\" height=\"411\" \/><\/p><p>\u2022 Gesamtentwickung ( Anzahl der aktuell bereits erfolgreich absolvierten Generationen).<\/p><p><img loading=\"lazy\" decoding=\"async\" class=\"alignnone wp-image-1653 size-full\" src=\"https:\/\/ifff-server.boku.ac.at\/wordpress\/wp-content\/uploads\/2020\/08\/Graf7-e1615980843391.png\" alt=\"\" width=\"843\" height=\"410\" \/><\/p><p>Standardm\u00e4\u00dfig sind beim Start alle Legenden eingeblendet und die Layer \u201eKlimastationen\u201c und \u201eSchw\u00e4rmbeginn\u201c aktiviert. Durch Anklicken des Aktivierungsk\u00e4stchens<span class=\"Apple-converted-space\">\u00a0 <\/span>und des kleinen Pfeilsymbols daneben k\u00f6nnen individuell Layer aktiviert oder deaktiviert und die Legenden ein- bzw. ausgeblendet werden.<\/p><p>Durch Anklicken des Symbols <img loading=\"lazy\" decoding=\"async\" class=\"alignnone\" style=\"border-image-outset: 0; border-image-repeat: stretch; border-image-slice: 100%; border-image-source: none; border-image-width: 1; color: #333333; font-family: &amp;quot; helvetica neue&amp;quot;,helvetica,arial,&amp;quot;nimbus sans l&amp;quot;,sans-serif; font-size: 15px; font-style: normal; font-variant: normal; font-weight: 300; height: auto; letter-spacing: normal; margin-top: 0.4em; max-width: calc(-14px + 100%); orphans: 2; outline-color: #72777c; outline-style: solid; outline-width: 1px; text-align: left; text-decoration: none; text-indent: 0px; text-transform: none; -webkit-text-stroke-width: 0px; white-space: normal; word-spacing: 0px; padding: 6px; border: 1px solid #dddddd;\" src=\"https:\/\/ifff-server.boku.ac.at\/wordpress\/wp-content\/uploads\/2020\/08\/symb2-e1615979629731.png\" alt=\"\" width=\"30\" height=\"34\" \/> k\u00f6nnen alle Legenden aus und eingeblendet und auch alle Datenlayer auf einmal aktiviert bzw. deaktiviert werden.<\/p><p>Durch Anklicken des Symbols\u00a0 <img loading=\"lazy\" decoding=\"async\" style=\"border-image-outset: 0; border-image-repeat: stretch; border-image-slice: 100%; border-image-source: none; border-image-width: 1; color: #333333; font-family: &amp;quot; helvetica neue&amp;quot;,helvetica,arial,&amp;quot;nimbus sans l&amp;quot;,sans-serif; font-size: 15px; font-style: normal; font-variant: normal; font-weight: 300; height: auto; letter-spacing: normal; margin-top: 0.4em; max-width: calc(-14px + 100%); orphans: 2; outline-color: #72777c; outline-style: solid; outline-width: 1px; text-align: left; text-decoration: none; text-indent: 0px; text-transform: none; -webkit-text-stroke-width: 0px; white-space: normal; word-spacing: 0px; padding: 6px; border: 1px solid #dddddd;\" src=\"https:\/\/ifff-server.boku.ac.at\/wordpress\/wp-content\/uploads\/2020\/08\/symb3-e1615979647416.png\" alt=\"\" width=\"29\" height=\"28\" \/>\u00a0kann die Layereigenschaften Transparenz ver\u00e4ndert, das Pop-up Fenster des Layers erm\u00f6glicht und auf die maximale Ausdehnung des Layers gezoomt werden.<\/p><p>Mit dem Symbol\u00a0<img loading=\"lazy\" decoding=\"async\" src=\"https:\/\/ifff-server.boku.ac.at\/wordpress\/wp-content\/uploads\/2020\/08\/symb4-e1615979532721.png\" alt=\"\" width=\"31\" height=\"41\" \/>\u00a0kann die Zoom-Einstellung des karte ver\u00e4ndert werden. \u00a0Mit dem Mauspad bzw. der Maus kann ebenso beliebig in den Karten gezoomt und der Kartenausschnitt verschoben werden.<\/p><p>Durch Anklicken des Symbols\u00a0<img loading=\"lazy\" decoding=\"async\" style=\"border-style: none;\" src=\"https:\/\/ifff-server.boku.ac.at\/wordpress\/wp-content\/uploads\/2020\/08\/symb5-e1615979069334.png\" alt=\"\" width=\"38\" height=\"33\" \/> gelangt man wieder zur Standardausdehnung des Kartenausschnitts.<br \/>Durch Eingabe eines Orts oder einer Adresse im Suchfeld \u00a0<img loading=\"lazy\" decoding=\"async\" src=\"https:\/\/ifff-server.boku.ac.at\/wordpress\/wp-content\/uploads\/2020\/08\/symb6-e1615981136917.png\" alt=\"\" width=\"159\" height=\"30\" \/> \u00f6ffnet sich ein Pop-up Fenster mit dem Suchergebnis und zoom auf dieses.<br \/>Durch Anklicken des Symbols\u00a0<img loading=\"lazy\" decoding=\"async\" src=\"https:\/\/ifff-server.boku.ac.at\/wordpress\/wp-content\/uploads\/2020\/08\/symb7-e1615979017500.png\" alt=\"\" width=\"27\" height=\"28\" \/> k\u00f6nnen unterschiedliche Grundkarten ausgew\u00e4hlt werden.<\/p><p>Die Aktivierung des\u00a0Zeitschieber-Tools\u00a0<img loading=\"lazy\" decoding=\"async\" src=\"https:\/\/ifff-server.boku.ac.at\/wordpress\/wp-content\/uploads\/2020\/08\/symb8-e1615978991765.png\" alt=\"\" width=\"27\" height=\"29\" \/>\u00a0 in der Titelleiste erm\u00f6glicht die Darstellung des zeitlichen Verlaufes bzw. eines bestimmten Zeitpunktes des ausgew\u00e4hlten Layers.<br \/>Dazu \u00f6ffnet im unteren Bereich der Karte ein Fenster mit zwei Zeitschiebern und der Bezeichnung des aktiven Datenlayers.<br \/><img loading=\"lazy\" decoding=\"async\" src=\"https:\/\/ifff-server.boku.ac.at\/wordpress\/wp-content\/uploads\/2020\/08\/Graf8-e1615981390160.png\" alt=\"\" width=\"324\" height=\"93\" \/><\/p><p>F\u00fcr die Darstellung eines einzelnen Tages m\u00fcssen die beiden Zeitschieber in der Zeitleiste mit der Maus direkt \u00fcbereinander geschoben werden, sodass im Anzeigefenster nur noch ein bestimmtes Datum erscheint (z.B. 01.04.2020).<br \/><img loading=\"lazy\" decoding=\"async\" src=\"https:\/\/ifff-server.boku.ac.at\/wordpress\/wp-content\/uploads\/2020\/08\/Graf9-e1615981442151.png\" alt=\"\" width=\"322\" height=\"82\" \/><\/p><p>Danach kann durch Anklicken der Pfeilsymbole\u00a0 das Datum nach Belieben verschoben werden. Durch das Anklicken des Play-Symbols\u00a0<img loading=\"lazy\" decoding=\"async\" src=\"https:\/\/ifff-server.boku.ac.at\/wordpress\/wp-content\/uploads\/2020\/08\/symb10-e1615979673427.png\" alt=\"\" width=\"22\" height=\"24\" \/>\u00a0kann eine Animation f\u00fcr den Zeitraum ab dem gew\u00e4hlten Datum oder einer bestimmten durch Zeitschieber eingestellten Zeitspanne gestartet werden.<br \/>Die Geschwindigkeit der Animation ist standardm\u00e4\u00dfig auf 1x eingestellt und kann durch anklicken ver\u00e4ndert werden.<img loading=\"lazy\" decoding=\"async\" src=\"https:\/\/ifff-server.boku.ac.at\/wordpress\/wp-content\/uploads\/2020\/08\/Graf10-e1615981573165.png\" alt=\"\" width=\"50\" height=\"78\" \/><\/p><h4>Stationsbezogene Darstellung der Buchdrucker- Entwicklung<\/h4><p>Weiterhin wird die Entwicklung des Buchdruckers auch anhand der Wetterstationsdaten getrennt nach Bundesl\u00e4ndern dargestellt. Die entsprechenden Temperatursummengraphiken (Fl\u00e4chen- oder Liniendiagramm) , die Tabellen f\u00fcr den Schw\u00e4rm- bzw. Entwicklungsbeginn und die Termine f\u00fcr die einzelnen Generationen sowie die Graphiken zu den Wetterdaten (Temperatur, Globalstrahlung und Niederschlag) findet man im Hauptmen\u00fc unter\u00a0PHENIPS Online Monitoring\/PHENIPS \u00d6sterreich\/PHENIPS Stationen .<\/p><\/div><\/div><\/div><\/div><\/div><\/div>\t\t\t\t\t\t\t\t<\/div>\n\t\t\t\t<\/div>\n\t\t\t\t<\/div>\n\t\t<div class=\"elementor-element elementor-element-667d585f e-con-full e-flex e-con e-child\" data-id=\"667d585f\" data-element_type=\"container\" data-e-type=\"container\">\n\t\t\t\t<div class=\"elementor-element elementor-element-43df3937 elementor-widget elementor-widget-n-accordion\" data-id=\"43df3937\" data-element_type=\"widget\" data-e-type=\"widget\" data-settings=\"{&quot;default_state&quot;:&quot;expanded&quot;,&quot;max_items_expended&quot;:&quot;one&quot;,&quot;n_accordion_animation_duration&quot;:{&quot;unit&quot;:&quot;ms&quot;,&quot;size&quot;:400,&quot;sizes&quot;:[]}}\" data-widget_type=\"nested-accordion.default\">\n\t\t\t\t<div class=\"elementor-widget-container\">\n\t\t\t\t\t\t\t<div class=\"e-n-accordion\" aria-label=\"Accordion. Open links with Enter or Space, close with Escape, and navigate with Arrow Keys\">\n\t\t\t\t\t\t<details id=\"e-n-accordion-item-1130\" class=\"e-n-accordion-item\" open>\n\t\t\t\t<summary class=\"e-n-accordion-item-title\" data-accordion-index=\"1\" tabindex=\"0\" aria-expanded=\"true\" aria-controls=\"e-n-accordion-item-1130\" >\n\t\t\t\t\t<span class='e-n-accordion-item-title-header'><div class=\"e-n-accordion-item-title-text\"> Fl\u00e4chenbezogene Modelle <\/div><\/span>\n\t\t\t\t\t\t\t<span class='e-n-accordion-item-title-icon'>\n\t\t\t<span class='e-opened' ><svg aria-hidden=\"true\" class=\"e-font-icon-svg e-fas-minus\" viewBox=\"0 0 448 512\" xmlns=\"http:\/\/www.w3.org\/2000\/svg\"><path d=\"M416 208H32c-17.67 0-32 14.33-32 32v32c0 17.67 14.33 32 32 32h384c17.67 0 32-14.33 32-32v-32c0-17.67-14.33-32-32-32z\"><\/path><\/svg><\/span>\n\t\t\t<span class='e-closed'><svg aria-hidden=\"true\" class=\"e-font-icon-svg e-fas-plus\" viewBox=\"0 0 448 512\" xmlns=\"http:\/\/www.w3.org\/2000\/svg\"><path d=\"M416 208H272V64c0-17.67-14.33-32-32-32h-32c-17.67 0-32 14.33-32 32v144H32c-17.67 0-32 14.33-32 32v32c0 17.67 14.33 32 32 32h144v144c0 17.67 14.33 32 32 32h32c17.67 0 32-14.33 32-32V304h144c17.67 0 32-14.33 32-32v-32c0-17.67-14.33-32-32-32z\"><\/path><\/svg><\/span>\n\t\t<\/span>\n\n\t\t\t\t\t\t<\/summary>\n\t\t\t\t<div role=\"region\" aria-labelledby=\"e-n-accordion-item-1130\" class=\"elementor-element elementor-element-4bd93724 e-con-full e-flex e-con e-child\" data-id=\"4bd93724\" data-element_type=\"container\" data-e-type=\"container\">\n\t\t\t\t<div class=\"elementor-element elementor-element-26a26885 elementor-widget elementor-widget-wp-widget-nav_menu\" data-id=\"26a26885\" data-element_type=\"widget\" data-e-type=\"widget\" data-widget_type=\"wp-widget-nav_menu.default\">\n\t\t\t\t<div class=\"elementor-widget-container\">\n\t\t\t\t\t<nav class=\"menu-menue-phenips-oesterreich-raster-container\" aria-label=\"Men\u00fc\"><ul id=\"menu-menue-phenips-oesterreich-raster\" class=\"menu\"><li id=\"menu-item-3634\" class=\"menu-item menu-item-type-post_type menu-item-object-page menu-item-3634\"><a href=\"https:\/\/ifff-server.boku.ac.at\/wordpress\/?page_id=2130\" class=\"menu-link\">Fl\u00e4chenbezogenes Modell 2023<\/a><\/li>\n<li id=\"menu-item-3633\" class=\"menu-item menu-item-type-post_type menu-item-object-page menu-item-3633\"><a href=\"https:\/\/ifff-server.boku.ac.at\/wordpress\/?page_id=2440\" class=\"menu-link\">Fl\u00e4chenbezogenes Modell 2024<\/a><\/li>\n<li id=\"menu-item-3985\" class=\"menu-item menu-item-type-post_type menu-item-object-page menu-item-3985\"><a href=\"https:\/\/ifff-server.boku.ac.at\/wordpress\/?page_id=3983\" class=\"menu-link\">Fl\u00e4chenbezogenes Modell 2025<\/a><\/li>\n<li id=\"menu-item-4615\" class=\"menu-item menu-item-type-post_type menu-item-object-page menu-item-4615\"><a href=\"https:\/\/ifff-server.boku.ac.at\/wordpress\/?page_id=4613\" class=\"menu-link\">Fl\u00e4chenbezogenes Modell 2026<\/a><\/li>\n<\/ul><\/nav>\t\t\t\t<\/div>\n\t\t\t\t<\/div>\n\t\t\t\t<\/div>\n\t\t\t\t\t<\/details>\n\t\t\t\t\t\t<details id=\"e-n-accordion-item-1131\" class=\"e-n-accordion-item\" >\n\t\t\t\t<summary class=\"e-n-accordion-item-title\" data-accordion-index=\"2\" tabindex=\"-1\" aria-expanded=\"false\" aria-controls=\"e-n-accordion-item-1131\" >\n\t\t\t\t\t<span class='e-n-accordion-item-title-header'><div class=\"e-n-accordion-item-title-text\"> Stationsbezogene Modelle <\/div><\/span>\n\t\t\t\t\t\t\t<span class='e-n-accordion-item-title-icon'>\n\t\t\t<span class='e-opened' ><svg aria-hidden=\"true\" class=\"e-font-icon-svg e-fas-minus\" viewBox=\"0 0 448 512\" xmlns=\"http:\/\/www.w3.org\/2000\/svg\"><path d=\"M416 208H32c-17.67 0-32 14.33-32 32v32c0 17.67 14.33 32 32 32h384c17.67 0 32-14.33 32-32v-32c0-17.67-14.33-32-32-32z\"><\/path><\/svg><\/span>\n\t\t\t<span class='e-closed'><svg aria-hidden=\"true\" class=\"e-font-icon-svg e-fas-plus\" viewBox=\"0 0 448 512\" xmlns=\"http:\/\/www.w3.org\/2000\/svg\"><path d=\"M416 208H272V64c0-17.67-14.33-32-32-32h-32c-17.67 0-32 14.33-32 32v144H32c-17.67 0-32 14.33-32 32v32c0 17.67 14.33 32 32 32h144v144c0 17.67 14.33 32 32 32h32c17.67 0 32-14.33 32-32V304h144c17.67 0 32-14.33 32-32v-32c0-17.67-14.33-32-32-32z\"><\/path><\/svg><\/span>\n\t\t<\/span>\n\n\t\t\t\t\t\t<\/summary>\n\t\t\t\t<div role=\"region\" aria-labelledby=\"e-n-accordion-item-1131\" class=\"elementor-element elementor-element-3e02c702 e-con-full e-flex e-con e-child\" data-id=\"3e02c702\" data-element_type=\"container\" data-e-type=\"container\">\n\t\t\t\t<div class=\"elementor-element elementor-element-15c838dd elementor-widget elementor-widget-wp-widget-nav_menu\" data-id=\"15c838dd\" data-element_type=\"widget\" data-e-type=\"widget\" data-widget_type=\"wp-widget-nav_menu.default\">\n\t\t\t\t<div class=\"elementor-widget-container\">\n\t\t\t\t\t<nav class=\"menu-menue-phenips-oesterreich-bundeslaender-container\" aria-label=\"Men\u00fc\"><ul id=\"menu-menue-phenips-oesterreich-bundeslaender\" class=\"menu\"><li id=\"menu-item-3382\" class=\"menu-item menu-item-type-post_type menu-item-object-page menu-item-3382\"><a href=\"https:\/\/ifff-server.boku.ac.at\/wordpress\/?page_id=1440\" class=\"menu-link\">PHENIPS \u2013 Wien<\/a><\/li>\n<li id=\"menu-item-3388\" class=\"menu-item menu-item-type-post_type menu-item-object-page menu-item-3388\"><a href=\"https:\/\/ifff-server.boku.ac.at\/wordpress\/?page_id=1358\" class=\"menu-link\">PHENIPS \u2013 Nieder\u00f6sterreich<\/a><\/li>\n<li id=\"menu-item-3386\" class=\"menu-item menu-item-type-post_type menu-item-object-page menu-item-3386\"><a href=\"https:\/\/ifff-server.boku.ac.at\/wordpress\/?page_id=1426\" class=\"menu-link\">PHENIPS \u2013 Burgenland<\/a><\/li>\n<li id=\"menu-item-3383\" class=\"menu-item menu-item-type-post_type menu-item-object-page menu-item-3383\"><a href=\"https:\/\/ifff-server.boku.ac.at\/wordpress\/?page_id=990\" class=\"menu-link\">PHENIPS \u2013 Ober\u00f6sterreich<\/a><\/li>\n<li id=\"menu-item-3384\" class=\"menu-item menu-item-type-post_type menu-item-object-page menu-item-3384\"><a href=\"https:\/\/ifff-server.boku.ac.at\/wordpress\/?page_id=1053\" class=\"menu-link\">PHENIPS \u2013 Steiermark<\/a><\/li>\n<li id=\"menu-item-3387\" class=\"menu-item menu-item-type-post_type menu-item-object-page menu-item-3387\"><a href=\"https:\/\/ifff-server.boku.ac.at\/wordpress\/?page_id=1390\" class=\"menu-link\">PHENIPS \u2013 K\u00e4rnten<\/a><\/li>\n<li id=\"menu-item-3375\" class=\"menu-item menu-item-type-post_type menu-item-object-page menu-item-3375\"><a href=\"https:\/\/ifff-server.boku.ac.at\/wordpress\/?page_id=453\" class=\"menu-link\">PHENIPS \u2013 Salzburg<\/a><\/li>\n<li id=\"menu-item-3381\" class=\"menu-item menu-item-type-post_type menu-item-object-page menu-item-3381\"><a href=\"https:\/\/ifff-server.boku.ac.at\/wordpress\/?page_id=438\" class=\"menu-link\">PHENIPS \u2013 Tirol<\/a><\/li>\n<li id=\"menu-item-3380\" class=\"menu-item menu-item-type-post_type menu-item-object-page menu-item-3380\"><a href=\"https:\/\/ifff-server.boku.ac.at\/wordpress\/?page_id=1454\" class=\"menu-link\">PHENIPS \u2013 Vorarlberg<\/a><\/li>\n<li id=\"menu-item-3379\" class=\"menu-item menu-item-type-post_type menu-item-object-page menu-item-3379\"><a href=\"https:\/\/ifff-server.boku.ac.at\/wordpress\/?page_id=198\" class=\"menu-link\">PHENIPS \u2013 Lehrforst Rosalia<\/a><\/li>\n<li id=\"menu-item-3376\" class=\"menu-item menu-item-type-post_type menu-item-object-page menu-item-3376\"><a href=\"https:\/\/ifff-server.boku.ac.at\/wordpress\/?page_id=261\" class=\"menu-link\">PHENIPS \u2013 Nationalpark Kalkalpen<\/a><\/li>\n<li id=\"menu-item-3378\" class=\"menu-item menu-item-type-post_type menu-item-object-page menu-item-3378\"><a href=\"https:\/\/ifff-server.boku.ac.at\/wordpress\/?page_id=211\" class=\"menu-link\">PHENIPS \u2013 Nationalpark Ges\u00e4use<\/a><\/li>\n<li id=\"menu-item-3377\" class=\"menu-item menu-item-type-post_type menu-item-object-page menu-item-3377\"><a href=\"https:\/\/ifff-server.boku.ac.at\/wordpress\/?page_id=324\" class=\"menu-link\">PHENIPS \u2013 Life Ausseerland<\/a><\/li>\n<li id=\"menu-item-3385\" class=\"menu-item menu-item-type-post_type menu-item-object-page menu-item-3385\"><a href=\"https:\/\/ifff-server.boku.ac.at\/wordpress\/?page_id=2171\" class=\"menu-link\">PHENIPS \u2013 Hohenegg, Riegersburg<\/a><\/li>\n<\/ul><\/nav>\t\t\t\t<\/div>\n\t\t\t\t<\/div>\n\t\t\t\t<\/div>\n\t\t\t\t\t<\/details>\n\t\t\t\t\t<\/div>\n\t\t\t\t\t\t<\/div>\n\t\t\t\t<\/div>\n\t\t\t\t<\/div>\n\t\t\t\t\t<\/div>\n\t\t\t\t<\/div>\n\t\t<div class=\"elementor-element elementor-element-572c5a21 e-con-full e-flex e-con e-child\" data-id=\"572c5a21\" data-element_type=\"container\" data-e-type=\"container\">\n\t\t\t\t<\/div>\n\t\t\t\t<\/div>\n\t\t","protected":false},"excerpt":{"rendered":"<p>PHENIPS plus &#8211; Kurzanleitung zur Nutzung der \u00f6sterreichweiten Modellierung der Buchdruckerentwicklung mit PHENIPS Die fl\u00e4chige Darstellung der Ph\u00e4nologie und Entwicklung [&hellip;]<\/p>\n","protected":false},"author":1,"featured_media":0,"parent":196,"menu_order":0,"comment_status":"closed","ping_status":"closed","template":"","meta":{"inline_featured_image":false,"site-sidebar-layout":"default","site-content-layout":"","ast-site-content-layout":"","site-content-style":"default","site-sidebar-style":"default","ast-global-header-display":"","ast-banner-title-visibility":"","ast-main-header-display":"","ast-hfb-above-header-display":"","ast-hfb-below-header-display":"","ast-hfb-mobile-header-display":"","site-post-title":"","ast-breadcrumbs-content":"","ast-featured-img":"","footer-sml-layout":"","theme-transparent-header-meta":"","adv-header-id-meta":"","stick-header-meta":"","header-above-stick-meta":"","header-main-stick-meta":"","header-below-stick-meta":"","astra-migrate-meta-layouts":"default","ast-page-background-enabled":"default","ast-page-background-meta":{"desktop":{"background-color":"var(--ast-global-color-5)","background-image":"","background-repeat":"repeat","background-position":"center center","background-size":"auto","background-attachment":"scroll","background-type":"","background-media":"","overlay-type":"","overlay-color":"","overlay-opacity":"","overlay-gradient":""},"tablet":{"background-color":"","background-image":"","background-repeat":"repeat","background-position":"center center","background-size":"auto","background-attachment":"scroll","background-type":"","background-media":"","overlay-type":"","overlay-color":"","overlay-opacity":"","overlay-gradient":""},"mobile":{"background-color":"","background-image":"","background-repeat":"repeat","background-position":"center center","background-size":"auto","background-attachment":"scroll","background-type":"","background-media":"","overlay-type":"","overlay-color":"","overlay-opacity":"","overlay-gradient":""}},"ast-content-background-meta":{"desktop":{"background-color":"var(--ast-global-color-4)","background-image":"","background-repeat":"repeat","background-position":"center center","background-size":"auto","background-attachment":"scroll","background-type":"","background-media":"","overlay-type":"","overlay-color":"","overlay-opacity":"","overlay-gradient":""},"tablet":{"background-color":"var(--ast-global-color-4)","background-image":"","background-repeat":"repeat","background-position":"center center","background-size":"auto","background-attachment":"scroll","background-type":"","background-media":"","overlay-type":"","overlay-color":"","overlay-opacity":"","overlay-gradient":""},"mobile":{"background-color":"var(--ast-global-color-4)","background-image":"","background-repeat":"repeat","background-position":"center center","background-size":"auto","background-attachment":"scroll","background-type":"","background-media":"","overlay-type":"","overlay-color":"","overlay-opacity":"","overlay-gradient":""}},"footnotes":""},"categories":[8],"tags":[],"class_list":["post-1631","page","type-page","status-publish","hentry","category-phenips-online-oesterreich"],"_links":{"self":[{"href":"https:\/\/ifff-server.boku.ac.at\/wordpress\/index.php?rest_route=\/wp\/v2\/pages\/1631","targetHints":{"allow":["GET"]}}],"collection":[{"href":"https:\/\/ifff-server.boku.ac.at\/wordpress\/index.php?rest_route=\/wp\/v2\/pages"}],"about":[{"href":"https:\/\/ifff-server.boku.ac.at\/wordpress\/index.php?rest_route=\/wp\/v2\/types\/page"}],"author":[{"embeddable":true,"href":"https:\/\/ifff-server.boku.ac.at\/wordpress\/index.php?rest_route=\/wp\/v2\/users\/1"}],"replies":[{"embeddable":true,"href":"https:\/\/ifff-server.boku.ac.at\/wordpress\/index.php?rest_route=%2Fwp%2Fv2%2Fcomments&post=1631"}],"version-history":[{"count":34,"href":"https:\/\/ifff-server.boku.ac.at\/wordpress\/index.php?rest_route=\/wp\/v2\/pages\/1631\/revisions"}],"predecessor-version":[{"id":4146,"href":"https:\/\/ifff-server.boku.ac.at\/wordpress\/index.php?rest_route=\/wp\/v2\/pages\/1631\/revisions\/4146"}],"up":[{"embeddable":true,"href":"https:\/\/ifff-server.boku.ac.at\/wordpress\/index.php?rest_route=\/wp\/v2\/pages\/196"}],"wp:attachment":[{"href":"https:\/\/ifff-server.boku.ac.at\/wordpress\/index.php?rest_route=%2Fwp%2Fv2%2Fmedia&parent=1631"}],"wp:term":[{"taxonomy":"category","embeddable":true,"href":"https:\/\/ifff-server.boku.ac.at\/wordpress\/index.php?rest_route=%2Fwp%2Fv2%2Fcategories&post=1631"},{"taxonomy":"post_tag","embeddable":true,"href":"https:\/\/ifff-server.boku.ac.at\/wordpress\/index.php?rest_route=%2Fwp%2Fv2%2Ftags&post=1631"}],"curies":[{"name":"wp","href":"https:\/\/api.w.org\/{rel}","templated":true}]}}