{"id":160,"date":"2018-01-26T16:01:44","date_gmt":"2018-01-26T15:01:44","guid":{"rendered":"http:\/\/ifff-server.boku.ac.at\/wordpress\/?page_id=160"},"modified":"2025-03-10T11:00:22","modified_gmt":"2025-03-10T11:00:22","slug":"phenips-tdef","status":"publish","type":"page","link":"https:\/\/ifff-server.boku.ac.at\/wordpress\/?page_id=160","title":{"rendered":"PHENIPS-TDEF"},"content":{"rendered":"\t\t<div data-elementor-type=\"wp-page\" data-elementor-id=\"160\" class=\"elementor elementor-160\">\n\t\t\t\t<div class=\"elementor-element elementor-element-13049e29 e-flex e-con-boxed e-con e-parent\" data-id=\"13049e29\" data-element_type=\"container\" data-e-type=\"container\">\n\t\t\t\t\t<div class=\"e-con-inner\">\n\t\t<div class=\"elementor-element elementor-element-7d725b37 e-con-full e-flex e-con e-child\" data-id=\"7d725b37\" data-element_type=\"container\" data-e-type=\"container\">\n\t\t\t\t<div class=\"elementor-element elementor-element-10f9477e elementor-widget__width-initial elementor-widget elementor-widget-text-editor\" data-id=\"10f9477e\" data-element_type=\"widget\" data-e-type=\"widget\" data-widget_type=\"text-editor.default\">\n\t\t\t\t<div class=\"elementor-widget-container\">\n\t\t\t\t\t\t\t\t\t<h3>PHENIPS-TDEF \u2013 Der Einfluss von Trockenperioden auf das Befallsrisiko durch Buchdrucker<\/h3><p>Aufbauend auf den Ergebnissen des Rosalia Roof Projekts (Netherer et al., 2015) wurde ein duales Simulations-Tool entwickelt, das einerseits eine hydrologische Charakterisierung von Standorten, andererseits eine dynamische Beurteilung der Gef\u00e4hrdungssituation im Saisonverlauf erlauben soll. Ziel der Freilandstudie war, Ursachen von I. typographus Befall, insbesondere Auswirkungen von Trockenstress von Fichte auf ihre Abwehrbereitschaft zu untersuchen und neue Erkenntnisse f\u00fcr eine verbesserte Risikoabsch\u00e4tzung zu nutzen (Abb. 1). Die Kombination des Borkenk\u00e4fer-Ph\u00e4nologiemodells PHENIPS und des Wasserbilanzmodells TDEF, er\u00f6ffnet die M\u00f6glichkeit, abzusch\u00e4tzen, wie pr\u00e4disponiert (in Bezug auf Trockenstress) Fichtenbest\u00e4nde f\u00fcr den Befall durch aktuell schw\u00e4rmende Borkenk\u00e4fer sind.<\/p><h4>Ergebnisse der Fallstudie in der Rosalia<\/h4><p>Saisonale Unterschiede im Stress-Status von Fichten k\u00f6nnen den Einbohrerfolg von Buchdrucker beeinflussen (Netherer et al., 2015). Ansatzversuche unter kontrollierten Bedingungen zeigten, dass die Abwehrkapazit\u00e4t der B\u00e4ume mit zunehmend negativen Zweigwasserpotentialen und geringeren Harzflussraten zur\u00fcckging. Diese Beobachtungen standen im engen Zusammenhang mit der eingeschr\u00e4nkten Wasserversorgung und potentiellen Transpiration von Fichten auf \u00fcberdachten Versuchsfl\u00e4chen. F\u00fcr die Einsch\u00e4tzung von Transpirationsdefiziten der Versuchsb\u00e4ume wurden Saftflussmessungen ausgewertet und ein simples Wasserbilanzmodell entwickelt, welches anhand hydrologischer und meteorologischer Daten am Standort kalibriert wurde.<\/p><p><strong>Akute und chronische Transpirations-Defizite, die am Standort Rosalia in den Jahren 2012 und 2013 beobachtet wurden lassen sich mit den Einbohrerfolgen von Buchdrucker in Verbindung bringen.<\/strong> Versuchsb\u00e4ume der \u00fcberdachten Standorte akkumulierten von Mai bis September 2012 und Mai bis Juli 2013 deutliche Transpirationsdefizite und konnten im Fr\u00fchjahr 2013 nur &lt;10% aller Einbohrversuche von Borkenk\u00e4fern mit Hilfe von Harzfluss abwehren. Kontrollb\u00e4ume waren dagegen im selben Zeitraum in der Lage, ca. 70% aller Einbohrversuche von K\u00e4fern abzuwehren. Interessanterweise konnte dieser signifikante Unterschied im weiteren Verlauf des Sommers 2013 nicht mehr beobachtet werden. Von Mitte Juli bis Ende September 2013 f\u00fchrte eine Trockenperiode bei B\u00e4umen beider Varianten zu Stress, trotzdem lag der Einbohrerfolg angesetzer Buchdrucker generell unter 50%. Dass sich die untersuchten Baumkollektive im vergleichbaren Ausma\u00df gegen Befall wehren konnten lag wohl einerseits am akuten Trockenstress und damit verringerter Abwehrbereitschaft der Kontrollb\u00e4ume, andererseits an den hohen Sommertemperaturen, die zu einem verst\u00e4rkten Harzfluss auch bei den abgedeckten Fichten f\u00fchrten (Matthews et al., under review).<\/p><h4>Das Wasserbilanz-Modul TDEF<\/h4><p>Grunds\u00e4tzlich setzt sich die Wasserversorgung eines Bestands aus 2 Pools zusammen: das Reservoir in der Krone, welches vom leaf area index (LAI) und der potentiellen Interzeption pro Einheit LAI bestimmt wird und das Boden-Reservoir, in Abh\u00e4ngigkeit von der Durchwurzelungstiefe und dem Bodenwassergehalt bei Feldkapazit\u00e4t (Abb. 2). Je nach gemessener Niederschlagsmenge und simulierter Evaporation und Transpiration (Kronendach und Boden, beschrieben durch die Gleichungen von Penman-Monteith), ver\u00e4ndern sich die Wasserbilanzen der beiden Reservoirs. \u00dcbersteigt die simulierte, aktuelle Transpiration (limitiert vom Bodenwasserpotential) die potentielle Transpiration (abh\u00e4ngig von Globalstrahlung und Dampfdruck-Defizit) kommt es zu einem Transpirations-Defizit des Bestandes. Diese Bilanz wird t\u00e4glich neu berechnet (mm d-1).<\/p><p><strong>Fazit:<\/strong> Das Transpirations-Defizit wird als geeigneter Kennwert f\u00fcr eine erh\u00f6hte Befallsgef\u00e4hrdung von Best\u00e4nden f\u00fcr I. typographus angesehen. Grundlage dieser Annahme sind Ergebnisse des Rosalia Roof Experiments (Netherer et al., 2015; Matthews et al., under review) und Erkenntnisse aus fr\u00fcheren Studien (z.B. Marini et al., 2013; Temperli et al., 2013). Die Kombination des hydrologischen Tools TDEF mit dem Ph\u00e4nologiemodell PHENIPS erm\u00f6glicht eine zeitnahe Einsch\u00e4tzung der Befallsgef\u00e4hrdung von Best\u00e4nden in Bezug auf Trockenstress und Schw\u00e4rmperioden des Buchdruckers (Abb. 3).<br \/>Wichtige weitere Schritte sind die Anpassung von PHENIPS-TDEF an unterschiedliche Standorte, insbesondere Bodeneigenschaften und die Validierung der kombinierten Modelle anhand unabh\u00e4ngiger Datens\u00e4tze. Die Auswirkung von Trockenstress auf die Befallsanf\u00e4lligkeit von Fichten in Abh\u00e4ngigkeit vom zeitlichen Auftreten und der Intensit\u00e4t der Trockenperioden kann durch den retrospektiven Vergleich von Bestandeswasserdefiziten und Schadholz-Anfall untersucht werden. Bei genauer Kenntnis dieser Zusammenh\u00e4nge kann sich PHENIPS-TDEF als effektives Werkzeug f\u00fcr eine Fr\u00fcherkennung gef\u00e4hrdeter Bestandesteile bzw. befallener B\u00e4ume erweisen.<\/p><h4>Literatur<\/h4><p><strong>Baier P., Pennerstorfer J. and Schopf A., 2007.<\/strong> PHENIPS\u2014A comprehensive phenology model of <em>Ips typographus<\/em> (L.) (Col., Scolytinae) as a tool for hazard rating of bark beetle infestation. Forest Ecology and Management, 249(3): 171-186.<br \/><strong>Marini L., Lindel\u00f6w \u00c5., J\u00f6nsson AM., Wulff S., Schroeder LM., 2013.<\/strong> Population dynamics of the spruce bark beetle: a long-term study. Oikos 122: 1768-1776.<br \/><strong>Matthews B., Netherer S., Katzensteiner K., Pennerstorfer J., Blackwell E., Henschke P., Hietz P., Rosner S., Jansson P.E., Schume H., Schopf A. (under review).<\/strong> Agricultural and Forest Meteorology.<strong>Netherer S., Henschke P., Matthews B., Schopf A., 2013.<\/strong> Modelling Dynamic Predisposition to Attacks by the Eurasian Spruce Bark Beetle<em> Ips typographus<\/em>. A Drought Stress &#8211; Experiment: ROSALIA ROOF PROJECT, Mitt. Dtsch. Ges. allg. angew. Ent. 19: 93-96.<br \/><strong>Netherer S., Matthews B., Katzensteiner K., Blackwell E., Henscke P., Hietz P., Pennerstorfer J., Rosner S., Kikuta S., Schume H., Schopf A., 2015.<\/strong> Do water-limiting conditions predispose Norway spruce to bark beetle attack? New Phytologist 205: 1128-1141.<br \/><strong>Temperli C., Bugmann H. and Elkin C., 2013.<\/strong> Cross-scale interactions among bark beetles, climate change, and wind disturbances: a landscape modeling approach. Ecological Monographs, 83(3): 383-402.<\/p>\t\t\t\t\t\t\t\t<\/div>\n\t\t\t\t<\/div>\n\t\t\t\t<\/div>\n\t\t<div class=\"elementor-element elementor-element-4ffdbdcf e-con-full e-flex e-con e-child\" data-id=\"4ffdbdcf\" data-element_type=\"container\" data-e-type=\"container\">\n\t\t\t\t<div class=\"elementor-element elementor-element-3aa62f3c elementor-widget__width-initial elementor-widget elementor-widget-image\" data-id=\"3aa62f3c\" data-element_type=\"widget\" data-e-type=\"widget\" data-widget_type=\"image.default\">\n\t\t\t\t<div class=\"elementor-widget-container\">\n\t\t\t\t\t\t\t\t\t\t\t\t\t\t\t<img fetchpriority=\"high\" decoding=\"async\" width=\"1024\" height=\"707\" src=\"https:\/\/ifff-server.boku.ac.at\/wordpress\/wp-content\/uploads\/2018\/01\/Framework_deutsch.png\" class=\"attachment-large size-large wp-image-25\" alt=\"\" \/>\t\t\t\t\t\t\t\t\t\t\t\t\t\t\t<\/div>\n\t\t\t\t<\/div>\n\t\t\t\t<div class=\"elementor-element elementor-element-bb0cbfb elementor-widget__width-initial elementor-widget elementor-widget-text-editor\" data-id=\"bb0cbfb\" data-element_type=\"widget\" data-e-type=\"widget\" data-widget_type=\"text-editor.default\">\n\t\t\t\t<div class=\"elementor-widget-container\">\n\t\t\t\t\t\t\t\t\t<p>Abb. 1: Modell Framework f\u00fcr eine dynamische Gef\u00e4hrdungseinsch\u00e4tzung von Buchdruckerbefall.<\/p>\t\t\t\t\t\t\t\t<\/div>\n\t\t\t\t<\/div>\n\t\t\t\t<div class=\"elementor-element elementor-element-32ad6bea elementor-widget__width-initial elementor-widget elementor-widget-image\" data-id=\"32ad6bea\" data-element_type=\"widget\" data-e-type=\"widget\" data-widget_type=\"image.default\">\n\t\t\t\t<div class=\"elementor-widget-container\">\n\t\t\t\t\t\t\t\t\t\t\t\t\t\t\t<img decoding=\"async\" width=\"1024\" height=\"805\" src=\"https:\/\/ifff-server.boku.ac.at\/wordpress\/wp-content\/uploads\/2018\/01\/two-bucket-model_deutsch.png\" class=\"attachment-large size-large wp-image-38\" alt=\"\" \/>\t\t\t\t\t\t\t\t\t\t\t\t\t\t\t<\/div>\n\t\t\t\t<\/div>\n\t\t\t\t<div class=\"elementor-element elementor-element-969061c elementor-widget__width-initial elementor-widget elementor-widget-text-editor\" data-id=\"969061c\" data-element_type=\"widget\" data-e-type=\"widget\" data-widget_type=\"text-editor.default\">\n\t\t\t\t<div class=\"elementor-widget-container\">\n\t\t\t\t\t\t\t\t\t<p>Abb. 2: Einfaches Modul zur Simulation von Wasserbilanzen, entwickelt am Standort Rosalia.<\/p>\t\t\t\t\t\t\t\t<\/div>\n\t\t\t\t<\/div>\n\t\t\t\t<div class=\"elementor-element elementor-element-64f7174f elementor-widget__width-initial elementor-widget elementor-widget-image\" data-id=\"64f7174f\" data-element_type=\"widget\" data-e-type=\"widget\" data-widget_type=\"image.default\">\n\t\t\t\t<div class=\"elementor-widget-container\">\n\t\t\t\t\t\t\t\t\t\t\t\t\t\t\t<img decoding=\"async\" width=\"1024\" height=\"671\" src=\"https:\/\/ifff-server.boku.ac.at\/wordpress\/wp-content\/uploads\/2018\/01\/Phenips_tdef_deutsch.png\" class=\"attachment-large size-large wp-image-34\" alt=\"\" \/>\t\t\t\t\t\t\t\t\t\t\t\t\t\t\t<\/div>\n\t\t\t\t<\/div>\n\t\t\t\t<div class=\"elementor-element elementor-element-5db59513 elementor-widget__width-initial elementor-widget elementor-widget-text-editor\" data-id=\"5db59513\" data-element_type=\"widget\" data-e-type=\"widget\" data-widget_type=\"text-editor.default\">\n\t\t\t\t<div class=\"elementor-widget-container\">\n\t\t\t\t\t\t\t\t\t<p>Abb. 3: M\u00f6gliche grafische Darstellung von PHENIPS-TDEF als Modul-Kombination: Buchdrucker-Schw\u00e4rmphasen (Parental-\/Filialgenerationen, Geschwisterbruten) im zeitlichen Verh\u00e4ltnis zur stand\u00f6rtlichen Wasserversorgung bzw. Trockenstressphasen des Bestands.<\/p>\t\t\t\t\t\t\t\t<\/div>\n\t\t\t\t<\/div>\n\t\t\t\t<\/div>\n\t\t\t\t\t<\/div>\n\t\t\t\t<\/div>\n\t\t\t\t<\/div>\n\t\t","protected":false},"excerpt":{"rendered":"<p>PHENIPS-TDEF \u2013 Der Einfluss von Trockenperioden auf das Befallsrisiko durch Buchdrucker Aufbauend auf den Ergebnissen des Rosalia Roof Projekts (Netherer [&hellip;]<\/p>\n","protected":false},"author":1,"featured_media":0,"parent":3214,"menu_order":2,"comment_status":"closed","ping_status":"closed","template":"","meta":{"inline_featured_image":false,"site-sidebar-layout":"no-sidebar","site-content-layout":"","ast-site-content-layout":"full-width-container","site-content-style":"default","site-sidebar-style":"default","ast-global-header-display":"","ast-banner-title-visibility":"","ast-main-header-display":"","ast-hfb-above-header-display":"","ast-hfb-below-header-display":"","ast-hfb-mobile-header-display":"","site-post-title":"disabled","ast-breadcrumbs-content":"","ast-featured-img":"disabled","footer-sml-layout":"","theme-transparent-header-meta":"","adv-header-id-meta":"","stick-header-meta":"","header-above-stick-meta":"","header-main-stick-meta":"","header-below-stick-meta":"","astra-migrate-meta-layouts":"default","ast-page-background-enabled":"default","ast-page-background-meta":{"desktop":{"background-color":"var(--ast-global-color-5)","background-image":"","background-repeat":"repeat","background-position":"center center","background-size":"auto","background-attachment":"scroll","background-type":"","background-media":"","overlay-type":"","overlay-color":"","overlay-opacity":"","overlay-gradient":""},"tablet":{"background-color":"","background-image":"","background-repeat":"repeat","background-position":"center center","background-size":"auto","background-attachment":"scroll","background-type":"","background-media":"","overlay-type":"","overlay-color":"","overlay-opacity":"","overlay-gradient":""},"mobile":{"background-color":"","background-image":"","background-repeat":"repeat","background-position":"center center","background-size":"auto","background-attachment":"scroll","background-type":"","background-media":"","overlay-type":"","overlay-color":"","overlay-opacity":"","overlay-gradient":""}},"ast-content-background-meta":{"desktop":{"background-color":"var(--ast-global-color-4)","background-image":"","background-repeat":"repeat","background-position":"center center","background-size":"auto","background-attachment":"scroll","background-type":"","background-media":"","overlay-type":"","overlay-color":"","overlay-opacity":"","overlay-gradient":""},"tablet":{"background-color":"var(--ast-global-color-4)","background-image":"","background-repeat":"repeat","background-position":"center center","background-size":"auto","background-attachment":"scroll","background-type":"","background-media":"","overlay-type":"","overlay-color":"","overlay-opacity":"","overlay-gradient":""},"mobile":{"background-color":"var(--ast-global-color-4)","background-image":"","background-repeat":"repeat","background-position":"center center","background-size":"auto","background-attachment":"scroll","background-type":"","background-media":"","overlay-type":"","overlay-color":"","overlay-opacity":"","overlay-gradient":""}},"footnotes":""},"categories":[8],"tags":[],"class_list":["post-160","page","type-page","status-publish","hentry","category-phenips-online-oesterreich"],"_links":{"self":[{"href":"https:\/\/ifff-server.boku.ac.at\/wordpress\/index.php?rest_route=\/wp\/v2\/pages\/160","targetHints":{"allow":["GET"]}}],"collection":[{"href":"https:\/\/ifff-server.boku.ac.at\/wordpress\/index.php?rest_route=\/wp\/v2\/pages"}],"about":[{"href":"https:\/\/ifff-server.boku.ac.at\/wordpress\/index.php?rest_route=\/wp\/v2\/types\/page"}],"author":[{"embeddable":true,"href":"https:\/\/ifff-server.boku.ac.at\/wordpress\/index.php?rest_route=\/wp\/v2\/users\/1"}],"replies":[{"embeddable":true,"href":"https:\/\/ifff-server.boku.ac.at\/wordpress\/index.php?rest_route=%2Fwp%2Fv2%2Fcomments&post=160"}],"version-history":[{"count":16,"href":"https:\/\/ifff-server.boku.ac.at\/wordpress\/index.php?rest_route=\/wp\/v2\/pages\/160\/revisions"}],"predecessor-version":[{"id":3268,"href":"https:\/\/ifff-server.boku.ac.at\/wordpress\/index.php?rest_route=\/wp\/v2\/pages\/160\/revisions\/3268"}],"up":[{"embeddable":true,"href":"https:\/\/ifff-server.boku.ac.at\/wordpress\/index.php?rest_route=\/wp\/v2\/pages\/3214"}],"wp:attachment":[{"href":"https:\/\/ifff-server.boku.ac.at\/wordpress\/index.php?rest_route=%2Fwp%2Fv2%2Fmedia&parent=160"}],"wp:term":[{"taxonomy":"category","embeddable":true,"href":"https:\/\/ifff-server.boku.ac.at\/wordpress\/index.php?rest_route=%2Fwp%2Fv2%2Fcategories&post=160"},{"taxonomy":"post_tag","embeddable":true,"href":"https:\/\/ifff-server.boku.ac.at\/wordpress\/index.php?rest_route=%2Fwp%2Fv2%2Ftags&post=160"}],"curies":[{"name":"wp","href":"https:\/\/api.w.org\/{rel}","templated":true}]}}