{"id":1574,"date":"2018-01-26T14:01:14","date_gmt":"2020-07-28T13:50:16","guid":{"rendered":"http:\/\/ifff-server.boku.ac.at\/wordpress\/?page_id=1574"},"modified":"2025-04-23T12:28:29","modified_gmt":"2025-04-23T12:28:29","slug":"generationsentwicklung","status":"publish","type":"page","link":"https:\/\/ifff-server.boku.ac.at\/wordpress\/?page_id=1574","title":{"rendered":"Projektinfo (PHENTHAUproc)"},"content":{"rendered":"\t\t<div data-elementor-type=\"wp-page\" data-elementor-id=\"1574\" class=\"elementor elementor-1574\">\n\t\t\t\t<div class=\"elementor-element elementor-element-6c38d372 e-con-full e-flex e-con e-parent\" data-id=\"6c38d372\" data-element_type=\"container\" data-e-type=\"container\">\n\t\t\t\t<div class=\"elementor-element elementor-element-36e8b48 elementor-widget elementor-widget-heading\" data-id=\"36e8b48\" data-element_type=\"widget\" data-e-type=\"widget\" data-widget_type=\"heading.default\">\n\t\t\t\t<div class=\"elementor-widget-container\">\n\t\t\t\t\t<h2 class=\"elementor-heading-title elementor-size-default\">Projektinfo<\/h2>\t\t\t\t<\/div>\n\t\t\t\t<\/div>\n\t\t\t\t<div class=\"elementor-element elementor-element-449a4819 elementor-widget elementor-widget-text-editor\" data-id=\"449a4819\" data-element_type=\"widget\" data-e-type=\"widget\" data-widget_type=\"text-editor.default\">\n\t\t\t\t<div class=\"elementor-widget-container\">\n\t\t\t\t\t\t\t\t\t<div id=\"pl-1574\" class=\"panel-layout\"><p><strong style=\"font-size: 16px;\">Fr\u00fchwarnsystem PHENTHAUproc\u00a0<br \/><\/strong><strong style=\"font-style: inherit; font-family: var( --e-global-typography-text-font-family ), Sans-serif; text-align: var(--text-align);\">Phenology modelling of\u00a0<i>Thaumetopoea processionea<br \/><\/i><\/strong><strong style=\"font-size: 16px;\">(Ph\u00e4nologie-Modellierung des Eichenprozessionsspinners)<\/strong><\/p><div id=\"pg-1574-0\" class=\"panel-grid panel-no-style\" data-style=\"{&quot;background_display&quot;:&quot;tile&quot;,&quot;cell_alignment&quot;:&quot;flex-start&quot;}\" data-ratio=\"1\" data-ratio-direction=\"right\"><div id=\"pgc-1574-0-1\" class=\"panel-grid-cell\" data-weight=\"0.75\"><div id=\"panel-1574-0-1-0\" class=\"so-panel widget widget_sow-editor panel-first-child panel-last-child\" data-index=\"1\" data-style=\"{&quot;background_image_attachment&quot;:false,&quot;background_display&quot;:&quot;tile&quot;}\"><div class=\"so-widget-sow-editor so-widget-sow-editor-base\"><div class=\"siteorigin-widget-tinymce textwidget\"><p>Durch das zunehmende Auftreten des Eichenprozessionsspinners (EPS),\u00a0<i>T. processionea<\/i>\u00a0L. (Lep., Thaumetopoeinae), in Mitteleuropa seit den 1990er Jahren sind die Wirtsb\u00e4ume durch den Raupenfra\u00df und die menschliche Gesundheit durch die Gifthaare der Raupen verst\u00e4rkt gef\u00e4hrdet. Dies erfordert konkrete Handlungsempfehlungen und effiziente L\u00f6sungsans\u00e4tze.<br \/>Zur Gef\u00e4hrdungsabsch\u00e4tzung und Entscheidungsunterst\u00fctzung bei der Planung von zeitgerechten und effektiven Ma\u00dfnahmen zum Schutz von Wald und Menschen wurde das Online-Fr\u00fchwarnsystem \u201ePHENTHAUproc\u201c entwickelt. Der Prototyp, der f\u00fcr Deutschland erstellt und validiert wurde, erm\u00f6glicht lokale und regionale Vorhersagen f\u00fcr die Standorte von Wetterstationen bzw. einen fl\u00e4chendeckenden Karten-Service f\u00fcr ganz Deutschland.<\/p><p>Weitere Informationen:<span class=\"Apple-converted-space\">\u00a0<\/span><br \/><a href=\"https:\/\/ifff-server1.boku.ac.at\/PHENIPS\/PHENTHAUProc\/3_PHENTHAUproc_Modellanwendung_Literatur.pdf\">\u2022 PDF &#8211; Modellanwendung und Literaturquellen<\/a><br \/><a href=\"https:\/\/ifff-server1.boku.ac.at\/PHENIPS\/PHENTHAUProc\/4-PHENTHAUproc_Info_Merkblatt.pdf\">\u2022 PDF &#8211; Informationen zu Brennhaaren, Monitoring und Regulierung des EPS<\/a><\/p><p><strong>Projektteam<\/strong><span class=\"Apple-converted-space\">\u00a0<\/span><br \/>Dr. Paula Halbig<sup>1,2<\/sup><span class=\"Apple-converted-space\">\u00a0<\/span><br \/>Anne-Sophie Stelzer<sup>3<\/sup><br \/>Dr. Peter Baier<sup>2<\/sup><br \/>Dr. Josef Pennerstorfer<sup>2<\/sup><br \/>Dr. Horst Delb<sup>1<\/sup><br \/>Univ.-Prof. i.R. Dr. Axel Schopf<sup>2<\/sup><\/p><p><sup>1 <\/sup>FVA \u2013 Forstliche Versuchs- und Forschungsanstalt Baden-W\u00fcrttemberg, Abteilung Waldschutz<br \/><sup>2 <\/sup>BOKU \u2013 Universit\u00e4t f\u00fcr Bodenkultur Wien, IFFF &#8211; Institut f\u00fcr Forstentomologie, Forstpathologie und Forstschutz<br \/><sup>3 <\/sup>FVA, Abteilung Biometrie und Informatik<\/p><p><strong>F\u00f6rderung<\/strong><br \/><strong>Waldklimafonds-Verbundprojekt<\/strong><br \/>\u201eModEPSKlim &#8211; Modellgest\u00fctzte Gef\u00e4hrdungsabsch\u00e4tzung des Eichenprozessionsspinners im Klimawandel\u201c<br \/>[F\u00f6rderkennzeichen 22WC409001]: <a href=\"https:\/\/www.fnr.de\/index.php?id=11150&amp;fkz=22WC409001\">https:\/\/www.fnr.de\/index.php?id=11150&amp;fkz=22WC409001<\/a><br \/><span class=\"Apple-converted-space\">\u00a0<\/span><br \/><img decoding=\"async\" src=\"https:\/\/ifff-server.boku.ac.at\/wordpress\/wp-content\/uploads\/2023\/05\/Logos-e1683736678112.png\" alt=\"\" \/><\/p><p><b>UBA-Projekt<\/b> (gef\u00f6rdert \u00fcber das Umweltbundesamt)<\/p><p>\u201eKlimawandel und neue gesundheitliche Risiken: Aufkl\u00e4rung des gesundheitlichen Gef\u00e4hrdungspotentials des Eichenprozessionsspinners: Expositions- und Wirkungsabsch\u00e4tzung\u201c<\/p><p>[F\u00f6rderkennzeichen 371262203]<\/p><p>Gef\u00f6rdert durch:<\/p><p>Bundesministerium f\u00fcr Umwelt, Naturschutz, nukleare Sicherheit und Verbraucherschutz (BMUV<\/p><\/div><\/div><\/div><\/div><\/div><\/div>\t\t\t\t\t\t\t\t<\/div>\n\t\t\t\t<\/div>\n\t\t\t\t<\/div>\n\t\t<div class=\"elementor-element elementor-element-11c1a19 e-flex e-con-boxed e-con e-parent\" data-id=\"11c1a19\" data-element_type=\"container\" data-e-type=\"container\">\n\t\t\t\t\t<div class=\"e-con-inner\">\n\t\t\t\t\t<\/div>\n\t\t\t\t<\/div>\n\t\t\t\t<\/div>\n\t\t","protected":false},"excerpt":{"rendered":"<p>Projektinfo Fr\u00fchwarnsystem PHENTHAUproc\u00a0Phenology modelling of\u00a0Thaumetopoea processionea(Ph\u00e4nologie-Modellierung des Eichenprozessionsspinners) Durch das zunehmende Auftreten des Eichenprozessionsspinners (EPS),\u00a0T. processionea\u00a0L. (Lep., Thaumetopoeinae), in Mitteleuropa [&hellip;]<\/p>\n","protected":false},"author":1,"featured_media":0,"parent":1568,"menu_order":0,"comment_status":"closed","ping_status":"closed","template":"","meta":{"inline_featured_image":false,"site-sidebar-layout":"default","site-content-layout":"","ast-site-content-layout":"","site-content-style":"default","site-sidebar-style":"default","ast-global-header-display":"","ast-banner-title-visibility":"","ast-main-header-display":"","ast-hfb-above-header-display":"","ast-hfb-below-header-display":"","ast-hfb-mobile-header-display":"","site-post-title":"","ast-breadcrumbs-content":"","ast-featured-img":"","footer-sml-layout":"","theme-transparent-header-meta":"","adv-header-id-meta":"","stick-header-meta":"","header-above-stick-meta":"","header-main-stick-meta":"","header-below-stick-meta":"","astra-migrate-meta-layouts":"default","ast-page-background-enabled":"default","ast-page-background-meta":{"desktop":{"background-color":"var(--ast-global-color-5)","background-image":"","background-repeat":"repeat","background-position":"center center","background-size":"auto","background-attachment":"scroll","background-type":"","background-media":"","overlay-type":"","overlay-color":"","overlay-opacity":"","overlay-gradient":""},"tablet":{"background-color":"","background-image":"","background-repeat":"repeat","background-position":"center center","background-size":"auto","background-attachment":"scroll","background-type":"","background-media":"","overlay-type":"","overlay-color":"","overlay-opacity":"","overlay-gradient":""},"mobile":{"background-color":"","background-image":"","background-repeat":"repeat","background-position":"center center","background-size":"auto","background-attachment":"scroll","background-type":"","background-media":"","overlay-type":"","overlay-color":"","overlay-opacity":"","overlay-gradient":""}},"ast-content-background-meta":{"desktop":{"background-color":"var(--ast-global-color-4)","background-image":"","background-repeat":"repeat","background-position":"center center","background-size":"auto","background-attachment":"scroll","background-type":"","background-media":"","overlay-type":"","overlay-color":"","overlay-opacity":"","overlay-gradient":""},"tablet":{"background-color":"var(--ast-global-color-4)","background-image":"","background-repeat":"repeat","background-position":"center center","background-size":"auto","background-attachment":"scroll","background-type":"","background-media":"","overlay-type":"","overlay-color":"","overlay-opacity":"","overlay-gradient":""},"mobile":{"background-color":"var(--ast-global-color-4)","background-image":"","background-repeat":"repeat","background-position":"center center","background-size":"auto","background-attachment":"scroll","background-type":"","background-media":"","overlay-type":"","overlay-color":"","overlay-opacity":"","overlay-gradient":""}},"footnotes":""},"categories":[34],"tags":[],"class_list":["post-1574","page","type-page","status-publish","hentry","category-phenthauproc"],"_links":{"self":[{"href":"https:\/\/ifff-server.boku.ac.at\/wordpress\/index.php?rest_route=\/wp\/v2\/pages\/1574","targetHints":{"allow":["GET"]}}],"collection":[{"href":"https:\/\/ifff-server.boku.ac.at\/wordpress\/index.php?rest_route=\/wp\/v2\/pages"}],"about":[{"href":"https:\/\/ifff-server.boku.ac.at\/wordpress\/index.php?rest_route=\/wp\/v2\/types\/page"}],"author":[{"embeddable":true,"href":"https:\/\/ifff-server.boku.ac.at\/wordpress\/index.php?rest_route=\/wp\/v2\/users\/1"}],"replies":[{"embeddable":true,"href":"https:\/\/ifff-server.boku.ac.at\/wordpress\/index.php?rest_route=%2Fwp%2Fv2%2Fcomments&post=1574"}],"version-history":[{"count":7,"href":"https:\/\/ifff-server.boku.ac.at\/wordpress\/index.php?rest_route=\/wp\/v2\/pages\/1574\/revisions"}],"predecessor-version":[{"id":3225,"href":"https:\/\/ifff-server.boku.ac.at\/wordpress\/index.php?rest_route=\/wp\/v2\/pages\/1574\/revisions\/3225"}],"up":[{"embeddable":true,"href":"https:\/\/ifff-server.boku.ac.at\/wordpress\/index.php?rest_route=\/wp\/v2\/pages\/1568"}],"wp:attachment":[{"href":"https:\/\/ifff-server.boku.ac.at\/wordpress\/index.php?rest_route=%2Fwp%2Fv2%2Fmedia&parent=1574"}],"wp:term":[{"taxonomy":"category","embeddable":true,"href":"https:\/\/ifff-server.boku.ac.at\/wordpress\/index.php?rest_route=%2Fwp%2Fv2%2Fcategories&post=1574"},{"taxonomy":"post_tag","embeddable":true,"href":"https:\/\/ifff-server.boku.ac.at\/wordpress\/index.php?rest_route=%2Fwp%2Fv2%2Ftags&post=1574"}],"curies":[{"name":"wp","href":"https:\/\/api.w.org\/{rel}","templated":true}]}}