{"id":128,"date":"2018-01-26T14:01:14","date_gmt":"2018-01-26T12:48:44","guid":{"rendered":"http:\/\/ifff-server.boku.ac.at\/wordpress\/?page_id=128"},"modified":"2026-03-31T14:59:20","modified_gmt":"2026-03-31T14:59:20","slug":"phenips-online","status":"publish","type":"page","link":"https:\/\/ifff-server.boku.ac.at\/wordpress\/?page_id=128","title":{"rendered":"PHENIPS Online"},"content":{"rendered":"\t\t<div data-elementor-type=\"wp-page\" data-elementor-id=\"128\" class=\"elementor elementor-128\">\n\t\t\t\t<div class=\"elementor-element elementor-element-7102bfa1 e-flex e-con-boxed e-con e-parent\" data-id=\"7102bfa1\" data-element_type=\"container\" data-e-type=\"container\">\n\t\t\t\t\t<div class=\"e-con-inner\">\n\t\t<div class=\"elementor-element elementor-element-4374f917 e-con-full e-flex e-con e-child\" data-id=\"4374f917\" data-element_type=\"container\" data-e-type=\"container\">\n\t\t\t\t<div class=\"elementor-element elementor-element-63b63f28 elementor-widget__width-initial elementor-widget elementor-widget-text-editor\" data-id=\"63b63f28\" data-element_type=\"widget\" data-e-type=\"widget\" data-widget_type=\"text-editor.default\">\n\t\t\t\t<div class=\"elementor-widget-container\">\n\t\t\t\t\t\t\t\t\t<h3>Modellierung der Borkenk\u00e4fer-Entwicklung mittels PHENIPS<\/h3><h4>Das Ph\u00e4nologiemodell PHENIPS als Teil der Risikoabsch\u00e4tzung f\u00fcr Borkenk\u00e4ferbefall<\/h4><p>Die \u00dcberwachung der Ph\u00e4nologie des Buchdruckers (Schw\u00e4rmzeiten, Befallsbeginn, Brutentwicklung, potentielle Anzahl an Generationen) ist ein essentieller Bestandteil der Einsch\u00e4tzung des Befallsrisikos von Fichtenbest\u00e4nden (Abb. 1).<\/p><h4>Grundlagen von PHENIPS (Baier et al., 2007)<\/h4><p>Mittles PHENIPS ist es m\u00f6glich, den Schw\u00e4rm- und Befallsbeginn im Fr\u00fchjahr, die Entwicklung der Brut, den Beginn von Geschwisterbruten, die Anlage von Folgegenerationen, die Induktion der Diapause und die \u00dcberwinterungsf\u00e4higkeit der Brut anhand von Klimadaten des Waldstandorts (Abb. 2) zu berechnen. <br \/>Die Beziehung zwischen Entwicklungsrate und Temperatur ist nicht f\u00fcr den gesamten Bereich der f\u00fcr den Buchdrucker verwertbaren Temperaturen linear, sondern folgt dem Verlauf einer Optimumskurve. Die Entwicklungsrate steigt bei Temperaturen, die \u00fcber einen optimalen Temperaturbereich hinausgehen nicht weiter an, sondern verlangsamt sich, und kommt bei Erreichen eines oberen Temperaturschwellenwertes (38,9\u00b0C) zum Stillstand (Wermelinger und Seifert, 1998). Anhand dieser nichtlinearen Beziehung kann man die f\u00fcr die Entwicklung relevanten, effektiven Temperaturen (Entwicklungsnullpunkt = 8,3\u00b0C) berechnen. Durch Aufsummierung dieser effektiven Temperaturen (W\u00e4rmesumme) kann der Brutentwicklungsstand abgesch\u00e4tzt werden und damit der Zeitpunkt der Entwicklungsvollendung (Schl\u00fcpfbeginn der Jungk\u00e4fer), aber auch das Auftreten von Geschwisterbruten sowie die \u00dcberwinterungsf\u00e4higkeit der Brut bestimmt werden.<br \/>Anhand der t\u00e4glich berechneten effektiven Rindentemperatursummen kann die Entwicklung der Bruten und damit die Generationsabfolge des Buchdruckers modelliert werden. Dar\u00fcber hinaus wird mit dem Modell PHENIPS auch die Schw\u00e4rmaktivit\u00e4t des Buchdruckers und der Schw\u00e4rmbeginn bzw. der Befallsbeginn im Fr\u00fchjahr anhand Schwellenwertes von 16,5\u00b0C f\u00fcr das Schw\u00e4rmen (Lobinger, 1994) und f\u00fcr die Akklimatisierungsphase der \u00fcberwinternden K\u00e4fer (durchschnittliche Temperatursumme von 140 Tagesgrade ab 1. April) abgesch\u00e4tzt.<br \/>Anhand der laufenden Summe der effektiven Rindentemperaturen kann weiters auch der Zeitpunkt des <em>Auftretens von Geschwisterbruten<\/em> (Schwellenwert: 278,5 Tagesgrade = 50% der Temperatursumme f\u00fcr die Gesamtentwicklung) sowie die <em>\u00dcberwinterungsf\u00e4higkeit der Brut<\/em> ermittelt werden. F\u00fcr eine erfolgreiche \u00dcberwinterung muss bis zum Wintereinbruch die Jugendentwicklung (60% der Temperatursumme f\u00fcr die Gesamtentwicklung) abgeschlossen sein, da pr\u00e4-imaginale Stadien des Buchdruckers einer sehr hohen Wintermortalit\u00e4t unterliegen (Faccoli, 2002). Zur Vermeidung von Verlusten bei zu sp\u00e4t begonnenen Bruten diapausiert der Buchdrucker ab einer Tageslichtl\u00e4nge &lt; 14,5 Stunden (Dolezal und Sehnal, 2007), d.h., ab Mitte August sind die K\u00e4fer nicht mehr brutbereit und es werden in der Regel ab diesem Zeitpunkt keine weiteren Bruten mehr angelegt.<\/p><h4>Evaluierung von PHENIPS<\/h4><p>PHENIPS wurde im Zuge eines Forschungsprojekts im Nationalpark Kalkalpen entwickelt. Zur \u00dcberpr\u00fcfung der Modellberechnungen anhand der gemessenen Wetterdaten wurde die Flugdynamik und die Brutentwicklung des Buchdruckers mittels bek\u00f6derter Theysson-Flugbarrierefallen und mittels Fangbaumfichten genau beobachtet und mit dem berechneten Schw\u00e4rm- bzw. Befallsbeginn sowie mit der simulierten Brutentwicklung verglichen. Die prognostische Qualit\u00e4t des Entwicklungsmodells wurde anhand der \u00dcbereinstimmung zwischen dem berechneten und dem beobachteten (am weitesten fortgeschrittenen) Entwicklungsstand bestimmt. Zus\u00e4tzlich wurden die berechneten Termine f\u00fcr den Beginn von Geschwisterbruten und der zweiten Generation mit den Fallenf\u00e4ngen und dem Beginn des Befalls bei den Fangb\u00e4umen der zweiten Fangbaumlegung verglichen (Baier et al., 2007). <br \/>Weiters wurde PHENIPS von einer unabh\u00e4ngigen Forschergruppe validiert (Berec et al., 2013) und ist Bestandteil zahlreicher Borkenk\u00e4fer-Risikoanlysen (Seidl et al., 2007; Hlasny et al., 2011; Temperli et al., 2013; Pasztor et al., 2013; Mezei et al., 2017).<\/p><h4>Online Monitoring der Borkenk\u00e4fer-Entwicklung<\/h4><p>Das Online Monitoring System bietet die M\u00f6glichkeit, die tagesaktuellen Berechnungen und Darstellungen der Buchdruckerentwicklung anhand der fernabgefragten Wetterdaten der jeweiligen Waldklima-Stationen abzufragen. Zu den aggregierten Lufttemperaturmesswerten (Tagesminimum-, mittel, -maximum) wird auch der Zeitpunkt des Schw\u00e4rmbeginns im Fr\u00fchjahr sowie sie Anzahl der Schw\u00e4rmtage ab Schw\u00e4rmbeginn ausgegeben.<br \/>Die berechnete potentielle Generationsentwicklung des Buchdruckers (Minimal- bzw. Maximalentwicklung) wird anhand von Temperatursummenkurven der relativen effektiven Rindentemperaturen getrennt f\u00fcr jede Generation dargestellt (Abb. 3). Die Aufsummierung der effektiven Rindentemperaturen der 1. Generation beginnt mit dem berechneten Zeitpunkt der ersten Hauptschw\u00e4rmphase des Buchdruckers im Fr\u00fchjahr.<\/p><h4>Literatur<\/h4><p><strong>Baier P., Pennerstorfer J. and Schopf A., 2007<\/strong>. PHENIPS\u2014A comprehensive phenology model of Ips typographus (L.) (Col., Scolytinae) as a tool for hazard rating of bark beetle infestation. Forest Ecology and Management, 249(3): 171-186.<br \/><strong>Berec L., Dole\u017eal P. and Hais M., 2013.<\/strong> Population dynamics of Ips typographus in the Bohemian Forest (Czech Republic): Validation of the phenology model PHENIPS and impacts of climate change. Forest Ecology and Management, 292: 1-9.<br \/><strong>Dolezal P., Sehnal,F. 2007.<\/strong> Effects of photoperiod and temperature on the development and diapause of the bark beetle Ips typographus. J.Appl.Entomol. 131: 165 \u2013 173.<br \/><strong>Faccoli M., 2002.<\/strong> Winter mortality in sub-corticulous populations of Ips typographus (Col.:Scol.) and its parasitoids in the south-eastern Alps. J. Pest. Sciences, 75: 57-88.<br \/><strong>Hl\u00e1sny T., Zaj\u00ed\u010dkov\u00e1 L., Tur\u010d\u00e1ni M., Holu\u0161a J. and Sitkov\u00e1 Z., 2011.<\/strong> Geographical variability of spruce bark beetle development under climate change in the Czech Republic. Journal of Forest Science, 57: 242-249.<br \/><strong>Lobinger G., 1994.<\/strong> Die Lufttemperatur als limitierender Faktor f\u00fcr die Schw\u00e4rmaktivit\u00e4t zweier rindenbr\u00fctender Borkenk\u00e4ferarten, Ips typographus L. und Pityogenes chalcographus L. Anz. Sch\u00e4dlingskde.: 14-17.<br \/><strong>Mezei P., Jaku\u0161 R., Pennerstorfer J., Hava\u0161ov\u00e1 M., \u0160kvarenina J., Feren\u010d\u00edk J., Slivinsk\u00fd J., Bi\u010d\u00e1rov\u00e1 S., Bil\u010d\u00edk D., Bla\u017eenec M., Netherer S., 2017<\/strong>. Storms, temperature maxima and the Eurasian spruce bark beetle Ips typographus\u2014An infernal trio in Norway spruce forests of the Central European High Tatra Mountains. Agricultural and Forest Meteorology 242: 85\u201395.<br \/><strong>Pasztor F., Matulla C., Rammer W., Lexer MJ., 2014<\/strong>. Drivers of the bark beetle disturbance regime in Alpine forests in Austria. Forest Ecology and Management 318: 349\u2013358.<br \/><strong>Seidl R., Baier P., Rammer W., Schopf A. and Lexer MJ., 2007.<\/strong> Modelling tree mortality by bark beetle infestation in Norway spruce forests. Ecological Modelling, 206(3\u20134): 383-399.<br \/><strong>Temperli C., Bugmann H. and Elkin C., 2013<\/strong>. Cross-scale interactions among bark beetles, climate change, and wind disturbances: a landscape modeling approach. Ecological Monographs, 83(3): 383-402.<br \/><strong>Wermelinger B., Seifert M., 1998.<\/strong> Analysis of temperature dependent development of the spruce bark beetle Ips typographus (L.) (Col. Scol.). J. Appl. Ent. 122: 185-191.<\/p>\t\t\t\t\t\t\t\t<\/div>\n\t\t\t\t<\/div>\n\t\t\t\t<\/div>\n\t\t<div class=\"elementor-element elementor-element-371d5d88 e-con-full e-flex e-con e-child\" data-id=\"371d5d88\" data-element_type=\"container\" data-e-type=\"container\">\n\t\t\t\t<div class=\"elementor-element elementor-element-5f90d5ad elementor-widget__width-initial elementor-widget elementor-widget-image\" data-id=\"5f90d5ad\" data-element_type=\"widget\" data-e-type=\"widget\" data-widget_type=\"image.default\">\n\t\t\t\t<div class=\"elementor-widget-container\">\n\t\t\t\t\t\t\t\t\t\t\t\t\t\t\t<img fetchpriority=\"high\" decoding=\"async\" width=\"1024\" height=\"752\" src=\"https:\/\/ifff-server.boku.ac.at\/wordpress\/wp-content\/uploads\/2018\/01\/201801Risikoanalyse.png\" class=\"attachment-large size-large wp-image-39\" alt=\"\" \/>\t\t\t\t\t\t\t\t\t\t\t\t\t\t\t<\/div>\n\t\t\t\t<\/div>\n\t\t\t\t<div class=\"elementor-element elementor-element-22151551 elementor-widget__width-initial elementor-widget elementor-widget-text-editor\" data-id=\"22151551\" data-element_type=\"widget\" data-e-type=\"widget\" data-widget_type=\"text-editor.default\">\n\t\t\t\t<div class=\"elementor-widget-container\">\n\t\t\t\t\t\t\t\t\t<p>Abb. 1: Wichtige Aspekte der Ips typographus \u2013 Risikoabsch\u00e4tzung<\/p>\t\t\t\t\t\t\t\t<\/div>\n\t\t\t\t<\/div>\n\t\t\t\t<div class=\"elementor-element elementor-element-65a29af9 elementor-widget__width-initial elementor-widget elementor-widget-image\" data-id=\"65a29af9\" data-element_type=\"widget\" data-e-type=\"widget\" data-widget_type=\"image.default\">\n\t\t\t\t<div class=\"elementor-widget-container\">\n\t\t\t\t\t\t\t\t\t\t\t\t\t\t\t<img decoding=\"async\" width=\"1024\" height=\"770\" src=\"https:\/\/ifff-server.boku.ac.at\/wordpress\/wp-content\/uploads\/2018\/01\/201801Klimastation_Phenips.png\" class=\"attachment-large size-large wp-image-136\" alt=\"\" \/>\t\t\t\t\t\t\t\t\t\t\t\t\t\t\t<\/div>\n\t\t\t\t<\/div>\n\t\t\t\t<div class=\"elementor-element elementor-element-71095eb8 elementor-widget__width-initial elementor-widget elementor-widget-text-editor\" data-id=\"71095eb8\" data-element_type=\"widget\" data-e-type=\"widget\" data-widget_type=\"text-editor.default\">\n\t\t\t\t<div class=\"elementor-widget-container\">\n\t\t\t\t\t\t\t\t\t<p>Abb. 2: Fernabfragbare Waldklimastation f\u00fcr das Ph\u00e4nologiemodell PHENIPS<\/p>\t\t\t\t\t\t\t\t<\/div>\n\t\t\t\t<\/div>\n\t\t\t\t<div class=\"elementor-element elementor-element-485cb8bb elementor-widget__width-initial elementor-widget elementor-widget-image\" data-id=\"485cb8bb\" data-element_type=\"widget\" data-e-type=\"widget\" data-widget_type=\"image.default\">\n\t\t\t\t<div class=\"elementor-widget-container\">\n\t\t\t\t\t\t\t\t\t\t\t\t\t\t\t<img decoding=\"async\" width=\"1024\" height=\"739\" src=\"https:\/\/ifff-server.boku.ac.at\/wordpress\/wp-content\/uploads\/2018\/01\/Phenips_Grafik.png\" class=\"attachment-large size-large wp-image-31\" alt=\"\" \/>\t\t\t\t\t\t\t\t\t\t\t\t\t\t\t<\/div>\n\t\t\t\t<\/div>\n\t\t\t\t<div class=\"elementor-element elementor-element-66378d7e elementor-widget__width-initial elementor-widget elementor-widget-text-editor\" data-id=\"66378d7e\" data-element_type=\"widget\" data-e-type=\"widget\" data-widget_type=\"text-editor.default\">\n\t\t\t\t<div class=\"elementor-widget-container\">\n\t\t\t\t\t\t\t\t\t<p>Abb. 3: Grafische Darstellung der mittels PHENIPS simulierten potentiellen Borkenk\u00e4ferentwicklung<\/p>\t\t\t\t\t\t\t\t<\/div>\n\t\t\t\t<\/div>\n\t\t\t\t<\/div>\n\t\t\t\t\t<\/div>\n\t\t\t\t<\/div>\n\t\t\t\t<\/div>\n\t\t","protected":false},"excerpt":{"rendered":"<p>Modellierung der Borkenk\u00e4fer-Entwicklung mittels PHENIPS Das Ph\u00e4nologiemodell PHENIPS als Teil der Risikoabsch\u00e4tzung f\u00fcr Borkenk\u00e4ferbefall Die \u00dcberwachung der Ph\u00e4nologie des Buchdruckers [&hellip;]<\/p>\n","protected":false},"author":1,"featured_media":0,"parent":3214,"menu_order":0,"comment_status":"closed","ping_status":"closed","template":"","meta":{"inline_featured_image":false,"site-sidebar-layout":"no-sidebar","site-content-layout":"","ast-site-content-layout":"full-width-container","site-content-style":"default","site-sidebar-style":"default","ast-global-header-display":"","ast-banner-title-visibility":"","ast-main-header-display":"","ast-hfb-above-header-display":"","ast-hfb-below-header-display":"","ast-hfb-mobile-header-display":"","site-post-title":"disabled","ast-breadcrumbs-content":"","ast-featured-img":"disabled","footer-sml-layout":"","theme-transparent-header-meta":"","adv-header-id-meta":"","stick-header-meta":"","header-above-stick-meta":"","header-main-stick-meta":"","header-below-stick-meta":"","astra-migrate-meta-layouts":"default","ast-page-background-enabled":"default","ast-page-background-meta":{"desktop":{"background-color":"var(--ast-global-color-5)","background-image":"","background-repeat":"repeat","background-position":"center center","background-size":"auto","background-attachment":"scroll","background-type":"","background-media":"","overlay-type":"","overlay-color":"","overlay-opacity":"","overlay-gradient":""},"tablet":{"background-color":"","background-image":"","background-repeat":"repeat","background-position":"center center","background-size":"auto","background-attachment":"scroll","background-type":"","background-media":"","overlay-type":"","overlay-color":"","overlay-opacity":"","overlay-gradient":""},"mobile":{"background-color":"","background-image":"","background-repeat":"repeat","background-position":"center center","background-size":"auto","background-attachment":"scroll","background-type":"","background-media":"","overlay-type":"","overlay-color":"","overlay-opacity":"","overlay-gradient":""}},"ast-content-background-meta":{"desktop":{"background-color":"var(--ast-global-color-4)","background-image":"","background-repeat":"repeat","background-position":"center center","background-size":"auto","background-attachment":"scroll","background-type":"","background-media":"","overlay-type":"","overlay-color":"","overlay-opacity":"","overlay-gradient":""},"tablet":{"background-color":"var(--ast-global-color-4)","background-image":"","background-repeat":"repeat","background-position":"center center","background-size":"auto","background-attachment":"scroll","background-type":"","background-media":"","overlay-type":"","overlay-color":"","overlay-opacity":"","overlay-gradient":""},"mobile":{"background-color":"var(--ast-global-color-4)","background-image":"","background-repeat":"repeat","background-position":"center center","background-size":"auto","background-attachment":"scroll","background-type":"","background-media":"","overlay-type":"","overlay-color":"","overlay-opacity":"","overlay-gradient":""}},"footnotes":""},"categories":[8],"tags":[],"class_list":["post-128","page","type-page","status-publish","hentry","category-phenips-online-oesterreich"],"_links":{"self":[{"href":"https:\/\/ifff-server.boku.ac.at\/wordpress\/index.php?rest_route=\/wp\/v2\/pages\/128","targetHints":{"allow":["GET"]}}],"collection":[{"href":"https:\/\/ifff-server.boku.ac.at\/wordpress\/index.php?rest_route=\/wp\/v2\/pages"}],"about":[{"href":"https:\/\/ifff-server.boku.ac.at\/wordpress\/index.php?rest_route=\/wp\/v2\/types\/page"}],"author":[{"embeddable":true,"href":"https:\/\/ifff-server.boku.ac.at\/wordpress\/index.php?rest_route=\/wp\/v2\/users\/1"}],"replies":[{"embeddable":true,"href":"https:\/\/ifff-server.boku.ac.at\/wordpress\/index.php?rest_route=%2Fwp%2Fv2%2Fcomments&post=128"}],"version-history":[{"count":14,"href":"https:\/\/ifff-server.boku.ac.at\/wordpress\/index.php?rest_route=\/wp\/v2\/pages\/128\/revisions"}],"predecessor-version":[{"id":2900,"href":"https:\/\/ifff-server.boku.ac.at\/wordpress\/index.php?rest_route=\/wp\/v2\/pages\/128\/revisions\/2900"}],"up":[{"embeddable":true,"href":"https:\/\/ifff-server.boku.ac.at\/wordpress\/index.php?rest_route=\/wp\/v2\/pages\/3214"}],"wp:attachment":[{"href":"https:\/\/ifff-server.boku.ac.at\/wordpress\/index.php?rest_route=%2Fwp%2Fv2%2Fmedia&parent=128"}],"wp:term":[{"taxonomy":"category","embeddable":true,"href":"https:\/\/ifff-server.boku.ac.at\/wordpress\/index.php?rest_route=%2Fwp%2Fv2%2Fcategories&post=128"},{"taxonomy":"post_tag","embeddable":true,"href":"https:\/\/ifff-server.boku.ac.at\/wordpress\/index.php?rest_route=%2Fwp%2Fv2%2Ftags&post=128"}],"curies":[{"name":"wp","href":"https:\/\/api.w.org\/{rel}","templated":true}]}}